{"id":28,"date":"2016-11-05T09:18:04","date_gmt":"2016-11-05T11:18:04","guid":{"rendered":"http:\/\/201.57.207.35\/cgtic\/?page_id=28"},"modified":"2026-04-07T09:53:44","modified_gmt":"2026-04-07T12:53:44","slug":"reunioes","status":"publish","type":"page","link":"https:\/\/www.cgtic.andifes.org.br\/index.php\/reunioes\/","title":{"rendered":"Calend\u00e1rio de Reuni\u00f5es"},"content":{"rendered":"\t\t<div data-elementor-type=\"wp-page\" data-elementor-id=\"28\" class=\"elementor elementor-28\" data-elementor-post-type=\"page\">\n\t\t\t\t<div class=\"elementor-element elementor-element-804d095 e-flex e-con-boxed e-con e-parent\" data-id=\"804d095\" data-element_type=\"container\" data-e-type=\"container\" data-settings=\"{&quot;background_background&quot;:&quot;classic&quot;}\">\n\t\t\t\t\t<div class=\"e-con-inner\">\n\t\t\t\t<div class=\"elementor-element elementor-element-f6d2d49 elementor-widget elementor-widget-elementskit-heading\" data-id=\"f6d2d49\" data-element_type=\"widget\" data-e-type=\"widget\" data-widget_type=\"elementskit-heading.default\">\n\t\t\t\t\t<div class=\"ekit-wid-con\" ><div class=\"ekit-heading elementskit-section-title-wraper center   ekit_heading_tablet-   ekit_heading_mobile-\"><h2 class=\"ekit-heading--title elementskit-section-title \">Calend\u00e1rio de Reuni\u00f5es<\/h2>\t\t\t\t<div class='ekit-heading__description'>\n\t\t\t\t\t<p>Consulte o hist\u00f3rico de reuni\u00f5es do CGTIC. Aqui est\u00e3o registradas as atas e delibera\u00e7\u00f5es que refletem o trabalho conjunto e as decis\u00f5es tomadas pelo colegiado<\/p>\n\t\t\t\t<\/div>\n\t\t\t<\/div><\/div>\t\t\t\t<\/div>\n\t\t\t\t\t<\/div>\n\t\t\t\t<\/div>\n\t\t<div class=\"elementor-element elementor-element-643636cc e-flex e-con-boxed e-con e-parent\" data-id=\"643636cc\" data-element_type=\"container\" data-e-type=\"container\">\n\t\t\t\t\t<div class=\"e-con-inner\">\n\t\t\t\t<div class=\"elementor-element elementor-element-3b5e7ca4 elementor-widget elementor-widget-text-editor\" data-id=\"3b5e7ca4\" data-element_type=\"widget\" data-e-type=\"widget\" data-widget_type=\"text-editor.default\">\n\t\t\t\t\t\t\t\t\t\n<h1>Reuni\u00f5es Realizadas<\/h1>\n<table>\n<tbody>\n<tr>\n<td style=\"text-align: center;\"><strong>Data<\/strong><\/td>\n<td style=\"text-align: center;\"><strong>Local<\/strong><\/td>\n<td style=\"text-align: center;\"><strong>Arquivos<\/strong><\/td>\n<\/tr>\n<tr>\n<td style=\"text-align: center;\">\n01 a 02 de abril de 2025<\/td>\n<td style=\"text-align: center;\">Bras\u00edlia &#8211; DF<\/td>\n<td style=\"text-align: center;\">\u00a0\n<a href=\"https:\/\/docs.google.com\/document\/d\/1qjEIFrMFJtRHTSK75b4WLlUdqaEHRNqW8kbIA-bQ-dU\/edit?usp=drive_link\" target=\"_new\">Ata da Reuni\u00e3o<\/a><\/td>\n<\/tr>\n<tr>\n<td style=\"text-align: center;\">\n03 a 04 de junho de 2025<\/td>\n<td style=\"text-align: center;\">Bras\u00edlia &#8211; DF<\/td>\n<td style=\"text-align: center;\">\u00a0\nAta da Reuni\u00e3o (em breve)<\/td>\n<\/tr>\n<tr>\n<td style=\"text-align: center;\">\n15 de agosto de 2025<\/td>\n<td style=\"text-align: center;\">Bras\u00edlia &#8211; DF<\/td>\n<td style=\"text-align: center;\">\u00a0\n<a href=\"https:\/\/docs.google.com\/document\/d\/1IVVtE8tKR2jZZD6G1pPZYKMlGOC4V-BKgXMoa_O_JaU\/edit?usp=drive_link\">Ata da Reuni\u00e3o<\/a><\/td>\n<\/tr>\n<tr>\n<td style=\"text-align: center;\">\n03 a 04 de novembro de 2025<\/td>\n<td style=\"text-align: center;\">Porto Seguro &#8211; BA<\/td>\n<td style=\"text-align: center;\">\u00a0\nAta da Reuni\u00e3o (em breve)<\/td>\n<\/tr>\n\n<tr>\n<td style=\"text-align: center;\">27 e 28 de Novembro de 2019<\/td>\n<td style=\"text-align: center;\">Bras\u00edlia &#8211; DF<\/td>\n<td style=\"text-align: center;\">\n<a href=\"https:\/\/drive.google.com\/file\/d\/1tHtdWCo4P3mjbodcsh4TudMd1WYJAIya\/view?usp=sharing\" target=\"_new\">\u00a0Ata da Reuni\u00e3o<\/a><\/td>\n<\/tr>\n<tr>\n<td style=\"text-align: center;\">29 de Agosto de 2019<\/td>\n<td style=\"text-align: center;\">Bras\u00edlia &#8211; DF<\/td>\n<td style=\"text-align: center;\">\u00a0Ata da Reuni\u00e3o (Em breve)<\/td>\n<\/tr>\n<tr>\n<td style=\"text-align: center;\">7 de Junho de 2019<\/td>\n<td style=\"text-align: center;\">Cuiab\u00e1-MT<\/td>\n<td style=\"text-align: center;\">\u00a0<a href=\"https:\/\/drive.google.com\/file\/d\/1tHtdWCo4P3mjbodcsh4TudMd1WYJAIya\/view?usp=sharing\" target=\"_new\">Ata da Reuni\u00e3o<\/a><\/td>\n<\/tr>\n<tr>\n<td style=\"text-align: center;\">10 e 11 de Abril de 2019<\/td>\n<td style=\"text-align: center;\">Bras\u00edlia-DF<\/td>\n<td style=\"text-align: center;\">\u00a0Ata da Reuni\u00e3o (Em breve)<\/td>\n<\/tr>\n<tr>\n<td style=\"text-align: center;\">01\/06\/2017<\/td>\n<td style=\"text-align: center;\">Recife-PE<\/td>\n<td style=\"text-align: center;\">\u00a0<a href=\"http:\/\/www.cgtic.andifes.org.br\/wp-content\/uploads\/2018\/03\/01-jun-2017.pdf\" target=\"_new\">Ata da Reuni\u00e3o<\/a><\/td>\n<\/tr>\n<tr>\n<td style=\"text-align: center;\">07\/11\/2016<\/td>\n<td style=\"text-align: center;\">Bras\u00edlia &#8211; DF<\/td>\n<td style=\"text-align: center;\">\u00a0<a href=\"http:\/\/www.cgtic.andifes.org.br\/wp-content\/uploads\/2018\/03\/07-nov-2016.pdf\" target=\"_new\">Ata da Reuni\u00e3o<\/a><\/td>\n<\/tr>\n<tr>\n<td style=\"text-align: center;\">05\/05\/2016<\/td>\n<td style=\"text-align: center;\">Gramado &#8211; RS<\/td>\n<td style=\"text-align: center;\">\u00a0<a href=\"http:\/\/www.cgtic.andifes.org.br\/files\/05-mai-16.pdf\" target=\"_new\">Ata da Reuni\u00e3o<\/a><\/td>\n<\/tr>\n<tr>\n<td style=\"text-align: center;\">29\/02\/2016<\/td>\n<td style=\"text-align: center;\">Bras\u00edlia &#8211; DF<\/td>\n<td style=\"text-align: center;\">\u00a0<a href=\"http:\/\/www.cgtic.andifes.org.br\/files\/29-fev-2016.pdf\" target=\"_new\">Ata da Reuni\u00e3o<\/a><\/td>\n<\/tr>\n<tr>\n<td style=\"text-align: center;\">03\/08\/2015<\/td>\n<td style=\"text-align: center;\">Belo Horizonte &#8211; MG<\/td>\n<td style=\"text-align: center;\">\u00a0<a href=\"http:\/\/www.cgtic.andifes.org.br\/files\/03-ago-2015.pdf\" target=\"_new\">Ata da Reuni\u00e3o<\/a><\/td>\n<\/tr>\n<tr>\n<td style=\"text-align: center;\">22\/06\/2015<\/td>\n<td style=\"text-align: center;\">Bras\u00edlia &#8211; DF<\/td>\n<td style=\"text-align: center;\">\u00a0<a href=\"http:\/\/www.cgtic.andifes.org.br\/files\/22-jun-2015.pdf\" target=\"_new\">Ata da Reuni\u00e3o<\/a><\/td>\n<\/tr>\n<tr>\n<td style=\"text-align: center;\">01\/10\/2013<\/td>\n<td style=\"text-align: center;\">Bras\u00edlia &#8211; DF<\/td>\n<td style=\"text-align: center;\">\u00a0<a href=\"http:\/\/www.cgtic.andifes.org.br\/files\/01-out-2013.pdf\" target=\"_new\">Ata da Reuni\u00e3o<\/a><\/td>\n<\/tr>\n<tr>\n<td style=\"text-align: center;\">14\/05\/2010<\/td>\n<td style=\"text-align: center;\">Rio de Janeiro &#8211; RJ<\/td>\n<td style=\"text-align: center;\">\u00a0<a href=\"http:\/\/www.cgtic.andifes.org.br\/files\/14-mai-2010.pdf\" target=\"_new\">Ata da Reuni\u00e3o<\/a><\/td>\n<\/tr>\n<\/tbody>\n<\/table>\t\t\t\t\t\t\t\t<\/div>\n\t\t\t\t\t<\/div>\n\t\t\t\t<\/div>\n\t\t\t\t<\/div>\n\t\t","protected":false},"excerpt":{"rendered":"<p>Calend\u00e1rio de Reuni\u00f5es Consulte o hist\u00f3rico de reuni\u00f5es do CGTIC. Aqui est\u00e3o registradas as atas e delibera\u00e7\u00f5es que refletem o trabalho conjunto e as decis\u00f5es tomadas pelo colegiado Reuni\u00f5es Realizadas Data Local Arquivos 01 a 02 de abril de 2025 Bras\u00edlia &#8211; DF \u00a0 Ata da Reuni\u00e3o 03 a 04 de junho de 2025 Bras\u00edlia [&hellip;]<\/p>\n","protected":false},"author":1,"featured_media":0,"parent":0,"menu_order":0,"comment_status":"closed","ping_status":"closed","template":"elementor_header_footer","meta":{"footnotes":""},"class_list":["post-28","page","type-page","status-publish","hentry"],"_links":{"self":[{"href":"https:\/\/www.cgtic.andifes.org.br\/index.php\/wp-json\/wp\/v2\/pages\/28","targetHints":{"allow":["GET"]}}],"collection":[{"href":"https:\/\/www.cgtic.andifes.org.br\/index.php\/wp-json\/wp\/v2\/pages"}],"about":[{"href":"https:\/\/www.cgtic.andifes.org.br\/index.php\/wp-json\/wp\/v2\/types\/page"}],"author":[{"embeddable":true,"href":"https:\/\/www.cgtic.andifes.org.br\/index.php\/wp-json\/wp\/v2\/users\/1"}],"replies":[{"embeddable":true,"href":"https:\/\/www.cgtic.andifes.org.br\/index.php\/wp-json\/wp\/v2\/comments?post=28"}],"version-history":[{"count":37,"href":"https:\/\/www.cgtic.andifes.org.br\/index.php\/wp-json\/wp\/v2\/pages\/28\/revisions"}],"predecessor-version":[{"id":1016,"href":"https:\/\/www.cgtic.andifes.org.br\/index.php\/wp-json\/wp\/v2\/pages\/28\/revisions\/1016"}],"wp:attachment":[{"href":"https:\/\/www.cgtic.andifes.org.br\/index.php\/wp-json\/wp\/v2\/media?parent=28"}],"curies":[{"name":"wp","href":"https:\/\/api.w.org\/{rel}","templated":true}]}}