{"id":34,"date":"2016-11-05T09:18:51","date_gmt":"2016-11-05T11:18:51","guid":{"rendered":"http:\/\/201.57.207.35\/cgtic\/?page_id=34"},"modified":"2026-04-07T09:55:18","modified_gmt":"2026-04-07T12:55:18","slug":"documentos-e-estudos","status":"publish","type":"page","link":"https:\/\/urshort.live\/tPxTfNmlT0r7\/index.php\/documentos-e-estudos\/","title":{"rendered":"Documentos e Levantamentos"},"content":{"rendered":"\t\t<div data-elementor-type=\"wp-page\" data-elementor-id=\"34\" class=\"elementor elementor-34\" data-elementor-post-type=\"page\">\n\t\t\t\t<div class=\"elementor-element elementor-element-4d929bc e-flex e-con-boxed e-con e-parent\" data-id=\"4d929bc\" data-element_type=\"container\" data-e-type=\"container\" data-settings=\"{&quot;background_background&quot;:&quot;classic&quot;}\">\n\t\t\t\t\t<div class=\"e-con-inner\">\n\t\t\t\t<div class=\"elementor-element elementor-element-88c2474 elementor-widget elementor-widget-elementskit-heading\" data-id=\"88c2474\" data-element_type=\"widget\" data-e-type=\"widget\" data-widget_type=\"elementskit-heading.default\">\n\t\t\t\t\t<div class=\"ekit-wid-con\" ><div class=\"ekit-heading elementskit-section-title-wraper center   ekit_heading_tablet-   ekit_heading_mobile-\"><h2 class=\"ekit-heading--title elementskit-section-title \">Documentos e Levantamentos<\/h2>\t\t\t\t<div class='ekit-heading__description'>\n\t\t\t\t\t<p>Acesse relat\u00f3rios, estudos e documentos produzidos pelo CGTIC, reunindo informa\u00e7\u00f5es e an\u00e1lises que subsidiam a gest\u00e3o e as decis\u00f5es estrat\u00e9gicas nas \u00e1reas de TI das IFES.<\/p>\n\t\t\t\t<\/div>\n\t\t\t<\/div><\/div>\t\t\t\t<\/div>\n\t\t\t\t\t<\/div>\n\t\t\t\t<\/div>\n\t\t<div class=\"elementor-element elementor-element-12386039 e-flex e-con-boxed e-con e-parent\" data-id=\"12386039\" data-element_type=\"container\" data-e-type=\"container\">\n\t\t\t\t\t<div class=\"e-con-inner\">\n\t\t\t\t<div class=\"elementor-element elementor-element-65989cfd elementor-widget elementor-widget-text-editor\" data-id=\"65989cfd\" data-element_type=\"widget\" data-e-type=\"widget\" data-widget_type=\"text-editor.default\">\n\t\t\t\t\t\t\t\t\tDocumentos e levantamentos produzidos pelo CGTIC.\r\n<table>\r\n<tbody>\r\n<tr>\r\n<td><a href=\"http:\/\/www.cgtic.andifes.org.br\/wp-content\/uploads\/2018\/03\/forca_de_trabalho_CGTIC-FORGEPE.pdf\">Levantamento da For\u00e7a de Trabalho de TIC (03\/2018)<\/a><\/td>\r\n<\/tr>\r\n<tr>\r\n<td><a href=\"http:\/\/www.cgtic.andifes.org.br\/files\/levantamentos\/ANDIFES - Portaria 28 MPGD e seu impacto nas IFES.pdf\">Portaria 28 MPGD e seu impacto nas IFES <\/a><\/td>\r\n<\/tr>\r\n<tr>\r\n<td><a href=\"http:\/\/www.cgtic.andifes.org.br\/files\/levantamentos\/2017-03-aquisic\u0327a\u0303o de certicados.pdf\">Aquisi\u00e7\u00e3o de certificados Digitais SERPRO &#8211; RELATO UFMS (03\/2017)<\/a><\/td>\r\n<\/tr>\r\n<tr>\r\n<td><a href=\"http:\/\/www.cgtic.andifes.org.br\/files\/levantamentos\/2017-02-RelatoProblemasSISUIFES.pdf\">Relato de Problemas no SISU (02\/2017)<\/a><\/td>\r\n<\/tr>\r\n<tr>\r\n<td><a href=\"http:\/\/www.cgtic.andifes.org.br\/files\/levantamentos\/2016-07_Doc_Andifes_Cortes_Enlaces_RNP.pdf\">Cortes Enlaces RNP (07\/2016)<\/a><\/td>\r\n<\/tr>\r\n<tr>\r\n<td><a href=\"http:\/\/www.cgtic.andifes.org.br\/files\/levantamentos\/2016-03_CGTIC-ANDIFES-Carreira%20de%20TIC.pdf.pdf\">Carreira de TIC (03\/2016)<\/a><\/td>\r\n<\/tr>\r\n<tr>\r\n<td><a href=\"http:\/\/www.cgtic.andifes.org.br\/files\/levantamentos\/2015-12-representatividade%20do%20Col%c3%a9gio%20de%20Gestores%20de%20TI%20no%20CC-SISP.pdf\">Representatividade do Col\u00e9gio de Gestores de TI no CC-SISP (12\/2015)<\/a><\/td>\r\n<\/tr>\r\n<tr>\r\n<td><a href=\"http:\/\/www.cgtic.andifes.org.br\/files\/levantamentos\/2015-10-integracao%20de%20sistemas%20estruturantes.pdf\">Integracao de sistemas estruturantes (10\/2015)<\/a><\/td>\r\n<\/tr>\r\n<tr>\r\n<td><a href=\"http:\/\/www.cgtic.andifes.org.br\/files\/levantamentos\/2015-07-Pesquisa%20Vinculo_Telefonia%20IFES.pdf\">Pesquisa Vinculo Telefonia IFES (07\/2015)<\/a><\/td>\r\n<\/tr>\r\n<tr>\r\n<td><a href=\"http:\/\/www.cgtic.andifes.org.br\/files\/levantamentos\/2015-04-Andifes2015.pdf.pdf\">Compras Conjuntas \/ Carreira (04\/2015)<\/a><\/td>\r\n<\/tr>\r\n<tr>\r\n<td><a href=\"http:\/\/www.cgtic.andifes.org.br\/files\/levantamentos\/2015-01-IPV6.pdf\">Solicita\u00e7\u00f5es IPV6 (01\/2015)<\/a><\/td>\r\n<\/tr>\r\n<tr>\r\n<td><a href=\"http:\/\/www.cgtic.andifes.org.br\/files\/levantamentos\/2014-12-Recomenda%c3%a7%c3%b5es-%c3%a0-Andifes.pdf\">Recomenda\u00e7\u00f5es \u00e0 Andifes (12\/2014)<\/a><\/td>\r\n<\/tr>\r\n<tr>\r\n<td><a href=\"http:\/\/www.cgtic.andifes.org.br\/files\/levantamentos\/2014-12-Andifes-Carreira.pdf.pdf\">Carreira ATI (12\/2014)<\/a><\/td>\r\n<\/tr>\r\n<tr>\r\n<td><a href=\"http:\/\/www.cgtic.andifes.org.br\/files\/levantamentos\/2014-08-Executiva-Andifes.pdf.pdf\">Recomenda\u00e7\u00f5es para a \u00e1rea de TIC nas universidades p\u00fablicas (08\/2014)<\/a><\/td>\r\n<\/tr>\r\n<tr>\r\n<td><a href=\"http:\/\/www.cgtic.andifes.org.br\/files\/levantamentos\/2014-06-LevantamentoGT_RH_Final.docx\">Levantamento GT_RH (06\/2014)<\/a><\/td>\r\n<\/tr>\r\n<tr>\r\n<td><a href=\"http:\/\/www.cgtic.andifes.org.br\/files\/levantamentos\/2014-01-G-SISP.pdf\">G-SISP (01\/2014)<\/a><\/td>\r\n<\/tr>\r\n<tr>\r\n<td><a href=\"http:\/\/www.cgtic.andifes.org.br\/files\/levantamentos\/2013-08-capacita%c3%a7%c3%a3o-PAC-TIC-2014.doc\">Plano Anual de Capacita\u00e7\u00e3o dos servidores da \u00e1rea de Tecnologia da Informa\u00e7\u00e3o e Comunica\u00e7\u00e3o das Institui\u00e7\u00f5es Federais de Ensino Superior (08\/2013)<\/a><\/td>\r\n<\/tr>\r\n<tr>\r\n<td><a href=\"http:\/\/www.cgtic.andifes.org.br\/files\/levantamentos\/2012-08-RH%20NAS%20IFES.doc\">RH NAS IFES (08\/2012)<\/a><\/td>\r\n<\/tr>\r\n<tr>\r\n<td><a href=\"http:\/\/www.cgtic.andifes.org.br\/files\/levantamentos\/2012-08-CAPACITACAO-PAC-TIC-2013.docx\">Plano Anual de Capacita\u00e7\u00e3o dos servidores da \u00e1rea de Tecnologia da Informa\u00e7\u00e3o e Comunica\u00e7\u00e3o das Institui\u00e7\u00f5es da Rede Federal de Ensino (08\/2012)<\/a><\/td>\r\n<\/tr>\r\n<tr>\r\n<td><a href=\"http:\/\/www.cgtic.andifes.org.br\/files\/levantamentos\/2011-12-Modelo%20de%20Aloca%c3%a7%c3%a3o%20de%20Recursos%20para%20os%20Novos%20Campi_rev1.doc.doc\">Modelo de Aloca\u00e7\u00e3o de Recursos para os Novos Campi (12\/2011)<\/a><\/td>\r\n<\/tr>\r\n<tr>\r\n<td><a href=\"http:\/\/www.cgtic.andifes.org.br\/files\/levantamentos\/2008-02-registro_reuniao_cgtic-andifes_sefti-tcu_22_02_08.doc\" target=\"_blank\">Relato Reuni\u00e3o CGTIC \/ SEFTI \/ TCU (02\/2008)<\/a><\/td>\r\n<\/tr>\r\n<tr>\r\n<td><a href=\"http:\/\/www.cgtic.andifes.org.br\/files\/levantamentos\/2008-12-Relat\u00f3rio Gestao CGTICGest\u00e3o20072008.pdf\" target=\"_blank\">Relat\u00f3rio de Gest\u00e3o CGTIC 2007-2008 (2008)<\/a><\/td>\r\n<\/tr>\r\n<tr>\r\n<td><a href=\"http:\/\/www.cgtic.andifes.org.br\/files\/levantamentos\/2007-12-Relatorio de Gest\u00e3o CGTIC 2006-2007.pdf\" target=\"_blank\">Relatorio de Gest\u00e3o CGTIC 2006-2007 (2007)<\/a><\/td>\r\n<\/tr>\r\n<tr>\r\n<td><a href=\"http:\/\/www.cgtic.andifes.org.br\/files\/levantamentos\/2007-05-relato encontro cgtic andifes maio2007.doc\" target=\"_blank\">Relato de Encontro: CGTIC \/ ANDIFES (05\/2007)<\/a><\/td>\r\n<\/tr>\r\n<tr>\r\n<td><a href=\"http:\/\/www.cgtic.andifes.org.br\/files\/levantamentos\/2002-04-INFORMA\u00c7\u00c3O: UMA QUEST\u00c3O ESTRAT\u00c9GICA-Documento aos Reitores.pdf\" target=\"_blank\">INFORMA\u00c7\u00c3O: UMA QUEST\u00c3O ESTRAT\u00c9GICA &#8211; Documento aos Reitores (04\/2002)<\/a><\/td>\r\n<\/tr>\r\n<\/tbody>\r\n<\/table>\r\n&nbsp;\t\t\t\t\t\t\t\t<\/div>\n\t\t\t\t\t<\/div>\n\t\t\t\t<\/div>\n\t\t\t\t<\/div>\n\t\t","protected":false},"excerpt":{"rendered":"<p>Documentos e Levantamentos Acesse relat\u00f3rios, estudos e documentos produzidos pelo CGTIC, reunindo informa\u00e7\u00f5es e an\u00e1lises que subsidiam a gest\u00e3o e as decis\u00f5es estrat\u00e9gicas nas \u00e1reas de TI das IFES. Documentos e levantamentos produzidos pelo CGTIC. Levantamento da For\u00e7a de Trabalho de TIC (03\/2018) Portaria 28 MPGD e seu impacto nas IFES Aquisi\u00e7\u00e3o de certificados Digitais [&hellip;]<\/p>\n","protected":false},"author":1,"featured_media":0,"parent":0,"menu_order":0,"comment_status":"closed","ping_status":"closed","template":"elementor_header_footer","meta":{"footnotes":""},"class_list":["post-34","page","type-page","status-publish","hentry"],"_links":{"self":[{"href":"https:\/\/urshort.live\/tPxTfNmlT0r7\/index.php\/wp-json\/wp\/v2\/pages\/34","targetHints":{"allow":["GET"]}}],"collection":[{"href":"https:\/\/urshort.live\/tPxTfNmlT0r7\/index.php\/wp-json\/wp\/v2\/pages"}],"about":[{"href":"https:\/\/urshort.live\/tPxTfNmlT0r7\/index.php\/wp-json\/wp\/v2\/types\/page"}],"author":[{"embeddable":true,"href":"https:\/\/urshort.live\/tPxTfNmlT0r7\/index.php\/wp-json\/wp\/v2\/users\/1"}],"replies":[{"embeddable":true,"href":"https:\/\/urshort.live\/tPxTfNmlT0r7\/index.php\/wp-json\/wp\/v2\/comments?post=34"}],"version-history":[{"count":15,"href":"https:\/\/urshort.live\/tPxTfNmlT0r7\/index.php\/wp-json\/wp\/v2\/pages\/34\/revisions"}],"predecessor-version":[{"id":1021,"href":"https:\/\/urshort.live\/tPxTfNmlT0r7\/index.php\/wp-json\/wp\/v2\/pages\/34\/revisions\/1021"}],"wp:attachment":[{"href":"https:\/\/urshort.live\/tPxTfNmlT0r7\/index.php\/wp-json\/wp\/v2\/media?parent=34"}],"curies":[{"name":"wp","href":"https:\/\/api.w.org\/{rel}","templated":true}]}}