{"id":46,"date":"2016-11-05T09:23:26","date_gmt":"2016-11-05T11:23:26","guid":{"rendered":"http:\/\/201.57.207.35\/cgtic\/?page_id=46"},"modified":"2026-04-29T13:52:04","modified_gmt":"2026-04-29T16:52:04","slug":"links-uteis","status":"publish","type":"page","link":"https:\/\/www.cgtic.andifes.org.br\/index.php\/links-uteis\/","title":{"rendered":"Links \u00dateis"},"content":{"rendered":"\t\t<div data-elementor-type=\"wp-page\" data-elementor-id=\"46\" class=\"elementor elementor-46\" data-elementor-post-type=\"page\">\n\t\t\t\t<div class=\"elementor-element elementor-element-29bbfe8 e-flex e-con-boxed e-con e-parent\" data-id=\"29bbfe8\" data-element_type=\"container\" data-e-type=\"container\" data-settings=\"{&quot;background_background&quot;:&quot;classic&quot;}\">\n\t\t\t\t\t<div class=\"e-con-inner\">\n\t\t\t\t<div class=\"elementor-element elementor-element-f7e5190 elementor-widget elementor-widget-elementskit-heading\" data-id=\"f7e5190\" data-element_type=\"widget\" data-e-type=\"widget\" data-widget_type=\"elementskit-heading.default\">\n\t\t\t\t\t<div class=\"ekit-wid-con\" ><div class=\"ekit-heading elementskit-section-title-wraper center   ekit_heading_tablet-   ekit_heading_mobile-\"><h2 class=\"ekit-heading--title elementskit-section-title \">Links \u00dateis<\/h2>\t\t\t\t<div class='ekit-heading__description'>\n\t\t\t\t\t<p>Acesso r\u00e1pido a portais, sistemas e ferramentas que apoiam as atividades de gest\u00e3o e tecnologia da informa\u00e7\u00e3o das IFES.<\/p>\n\t\t\t\t<\/div>\n\t\t\t<\/div><\/div>\t\t\t\t<\/div>\n\t\t\t\t\t<\/div>\n\t\t\t\t<\/div>\n\t\t<div class=\"elementor-element elementor-element-490bf5e9 e-flex e-con-boxed e-con e-parent\" data-id=\"490bf5e9\" data-element_type=\"container\" data-e-type=\"container\">\n\t\t\t\t\t<div class=\"e-con-inner\">\n\t\t\t\t<div class=\"elementor-element elementor-element-334f93aa elementor-widget elementor-widget-text-editor\" data-id=\"334f93aa\" data-element_type=\"widget\" data-e-type=\"widget\" data-widget_type=\"text-editor.default\">\n\t\t\t\t\t\t\t\t\tLinks Diversos do Governo Federal\r\n<table>\r\n<tbody>\r\n<tr>\r\n<td>SISP<\/td>\r\n<td><a href=\"http:\/\/sisp.gov.br\/\" target=\"_blank\">http:\/\/sisp.gov.br\/<\/a><\/td>\r\n<\/tr>\r\n<tr>\r\n<td>Governo Eletr\u00f4nico<\/td>\r\n<td><a href=\"https:\/\/www.governoeletronico.gov.br\/\" target=\"_blank\">https:\/\/www.governoeletronico.gov.br\/<\/a><\/td>\r\n<\/tr>\r\n<tr>\r\n<td>Portal Brasileiro de Dados Abertos<\/td>\r\n<td><a href=\"http:\/\/dados.gov.br\/\" target=\"_blank\">http:\/\/dados.gov.br\/<\/a><\/td>\r\n<\/tr>\r\n<tr>\r\n<td>Portal de Servi\u00e7os do Governo Federal<\/td>\r\n<td><a href=\"http:\/\/www.servicos.gov.br\" target=\"_blank\">http:\/\/www.servicos.gov.br<\/a><\/td>\r\n<\/tr>\r\n<tr>\r\n<td>Portal do Software P\u00fablico Brasileiro<\/td>\r\n<td><a href=\"https:\/\/softwarepublico.gov.br\/social\/\" target=\"_blank\">https:\/\/softwarepublico.gov.br\/social\/<\/a><\/td>\r\n<\/tr>\r\n<tr>\r\n<td>Guias e Publica\u00e7\u00f5es de TI do MPOG<\/td>\r\n<td><a href=\"http:\/\/www.planejamento.gov.br\/publicacoes\/tecnologia-da-informacao\" target=\"_blank\">http:\/\/www.planejamento.gov.br\/publicacoes\/tecnologia-da-informacao<\/a><\/td>\r\n<\/tr>\r\n<tr>\r\n<td>NCTI &#8211; N\u00facleo de Contrata\u00e7\u00f5es de Tecnologia da Informa\u00e7\u00e3o<\/td>\r\n<td><a href=\"https:\/\/www.governoeletronico.gov.br\/eixos-de-atuacao\/governo\/sistema-de-administracao-dos-recursos-de-tecnologia-da-informacao-sisp\/ncti-nucleo-de-contratacoes-de-tecnologia-da-informacao\" target=\"_blank\">https:\/\/www.governoeletronico.gov.br\/eixos-de-atuacao\/governo\/sistema-de-administracao-dos-recursos-de-tecnologia-da-informacao-sisp\/ncti-nucleo-de-contratacoes-de-tecnologia-da-informacao<\/a><\/td>\r\n<\/tr>\r\n<tr>\r\n<td>Atas de Registro de Pre\u00e7o &#8211; STI<\/td>\r\n<td><a href=\"https:\/\/www.governoeletronico.gov.br\/eixos-de-atuacao\/governo\/sistema-de-administracao-dos-recursos-de-tecnologia-da-informacao-sisp\/ncti-nucleo-de-contratacoes-de-tecnologia-da-informacao\/consulta-licitacoes-de-ti\" target=\"_blank\">https:\/\/www.governoeletronico.gov.br\/eixos-de-atuacao\/governo\/sistema-de-administracao-dos-recursos-de-tecnologia-da-informacao-sisp\/ncti-nucleo-de-contratacoes-de-tecnologia-da-informacao\/consulta-licitacoes-de-ti<\/a><\/td>\r\n<\/tr>\r\n<tr>\r\n<td>Estrat\u00e9gia de Governan\u00e7a Digital (EGD)<\/td>\r\n<td><a href=\"http:\/\/sisp.gov.br\/egd\/wiki\/apresentacao\" target=\"_blank\">http:\/\/sisp.gov.br\/egd\/wiki\/apresentacao<\/a><\/td>\r\n<\/tr>\r\n<tr>\r\n<td>RNP<\/td>\r\n<td><a href=\"https:\/\/www.rnp.br\/\" target=\"_blank\">https:\/\/www.rnp.br\/<\/a><\/td>\r\n<\/tr>\r\n<\/tbody>\r\n<\/table>\n<br \/>\t\t\t\t\t\t\t\t<\/div>\n\t\t\t\t\t<\/div>\n\t\t\t\t<\/div>\n\t\t\t\t<\/div>\n\t\t","protected":false},"excerpt":{"rendered":"<p>Links \u00dateis Acesso r\u00e1pido a portais, sistemas e ferramentas que apoiam as atividades de gest\u00e3o e tecnologia da informa\u00e7\u00e3o das IFES. Links Diversos do Governo Federal SISP http:\/\/sisp.gov.br\/ Governo Eletr\u00f4nico https:\/\/www.governoeletronico.gov.br\/ Portal Brasileiro de Dados Abertos http:\/\/dados.gov.br\/ Portal de Servi\u00e7os do Governo Federal http:\/\/www.servicos.gov.br Portal do Software P\u00fablico Brasileiro https:\/\/softwarepublico.gov.br\/social\/ Guias e Publica\u00e7\u00f5es de TI [&hellip;]<\/p>\n","protected":false},"author":1,"featured_media":0,"parent":0,"menu_order":0,"comment_status":"closed","ping_status":"closed","template":"elementor_header_footer","meta":{"footnotes":""},"class_list":["post-46","page","type-page","status-publish","hentry"],"_links":{"self":[{"href":"https:\/\/www.cgtic.andifes.org.br\/index.php\/wp-json\/wp\/v2\/pages\/46","targetHints":{"allow":["GET"]}}],"collection":[{"href":"https:\/\/www.cgtic.andifes.org.br\/index.php\/wp-json\/wp\/v2\/pages"}],"about":[{"href":"https:\/\/www.cgtic.andifes.org.br\/index.php\/wp-json\/wp\/v2\/types\/page"}],"author":[{"embeddable":true,"href":"https:\/\/www.cgtic.andifes.org.br\/index.php\/wp-json\/wp\/v2\/users\/1"}],"replies":[{"embeddable":true,"href":"https:\/\/www.cgtic.andifes.org.br\/index.php\/wp-json\/wp\/v2\/comments?post=46"}],"version-history":[{"count":11,"href":"https:\/\/www.cgtic.andifes.org.br\/index.php\/wp-json\/wp\/v2\/pages\/46\/revisions"}],"predecessor-version":[{"id":1119,"href":"https:\/\/www.cgtic.andifes.org.br\/index.php\/wp-json\/wp\/v2\/pages\/46\/revisions\/1119"}],"wp:attachment":[{"href":"https:\/\/www.cgtic.andifes.org.br\/index.php\/wp-json\/wp\/v2\/media?parent=46"}],"curies":[{"name":"wp","href":"https:\/\/api.w.org\/{rel}","templated":true}]}}