{"id":53,"date":"2016-11-05T09:32:55","date_gmt":"2016-11-05T11:32:55","guid":{"rendered":"http:\/\/201.57.207.35\/cgtic\/?page_id=53"},"modified":"2026-04-07T09:56:37","modified_gmt":"2026-04-07T12:56:37","slug":"legislacao","status":"publish","type":"page","link":"https:\/\/www.cgtic.andifes.org.br\/index.php\/legislacao\/","title":{"rendered":"Legisla\u00e7\u00e3o"},"content":{"rendered":"\t\t<div data-elementor-type=\"wp-page\" data-elementor-id=\"53\" class=\"elementor elementor-53\" data-elementor-post-type=\"page\">\n\t\t\t\t<div class=\"elementor-element elementor-element-2b10d36 e-flex e-con-boxed e-con e-parent\" data-id=\"2b10d36\" data-element_type=\"container\" data-e-type=\"container\" data-settings=\"{&quot;background_background&quot;:&quot;classic&quot;}\">\n\t\t\t\t\t<div class=\"e-con-inner\">\n\t\t\t\t<div class=\"elementor-element elementor-element-46c23ef elementor-widget elementor-widget-elementskit-heading\" data-id=\"46c23ef\" data-element_type=\"widget\" data-e-type=\"widget\" data-widget_type=\"elementskit-heading.default\">\n\t\t\t\t\t<div class=\"ekit-wid-con\" ><div class=\"ekit-heading elementskit-section-title-wraper center   ekit_heading_tablet-   ekit_heading_mobile-\"><h2 class=\"ekit-heading--title elementskit-section-title \">Legisla\u00e7\u00e3o<\/h2>\t\t\t\t<div class='ekit-heading__description'>\n\t\t\t\t\t<p>Re\u00fane normas, portarias e marcos legais que orientam as a\u00e7\u00f5es de tecnologia da informa\u00e7\u00e3o e comunica\u00e7\u00e3o nas Institui\u00e7\u00f5es Federais de Ensino Superior.<\/p>\n\t\t\t\t<\/div>\n\t\t\t<\/div><\/div>\t\t\t\t<\/div>\n\t\t\t\t\t<\/div>\n\t\t\t\t<\/div>\n\t\t<div class=\"elementor-element elementor-element-4bc22cf6 e-flex e-con-boxed e-con e-parent\" data-id=\"4bc22cf6\" data-element_type=\"container\" data-e-type=\"container\">\n\t\t\t\t\t<div class=\"e-con-inner\">\n\t\t\t\t<div class=\"elementor-element elementor-element-71aeb56c elementor-widget elementor-widget-text-editor\" data-id=\"71aeb56c\" data-element_type=\"widget\" data-e-type=\"widget\" data-widget_type=\"text-editor.default\">\n\t\t\t\t\t\t\t\t\tCompila\u00e7\u00e3o b\u00e1sica da legisla\u00e7\u00e3o a ser seguida pelos membros do CGTIC. Sugest\u00f5es de inclus\u00e3o podem ser feitas atrav\u00e9s do formul\u00e1rio de contato do site.\r\n<h4>Decretos \/ Leis<\/h4>\r\n<table>\r\n<tbody>\r\n<tr>\r\n<td width=\"30%\"><a href=\"http:\/\/www.planalto.gov.br\/ccivil_03\/_Ato2015-2018\/2018\/Decreto\/D9637.htm\" target=\"_blank\">DECRETO No 9.637, DE 26 DE DEZEMBRO DE 2018<\/a><\/td>\r\n<td style=\"text-align: justify;\">Institui a Poli\u0301tica Nacional de Seguranc\u0327a da Informac\u0327a\u0303o, dispo\u0303e sobre a governanc\u0327a da seguranc\u0327a da informac\u0327a\u0303o, e altera o Decreto no 2.295, de 4 de agosto de 1997, que regulamenta o disposto no art. 24, caput , inciso IX, da Lei no 8.666, de 21 de junho de 1993, e dispo\u0303e sobre a dispensa de licitac\u0327a\u0303o nos casos que possam comprometer a seguranc\u0327a nacional.<\/td>\r\n<\/tr>\r\n<tr>\r\n<td width=\"30%\"><a href=\"http:\/\/www.planalto.gov.br\/ccivil_03\/_ato2015-2018\/2017\/decreto\/D9035.htm\" target=\"_blank\">DECRETO N\u00ba 9.035, DE 20 DE ABRIL DE 2017<\/a><\/td>\r\n<td style=\"text-align: justify;\">Aprova a Estrutura Regimental e o Quadro Demonstrativo dos Cargos em Comiss\u00e3o e das Fun\u00e7\u00f5es de Confian\u00e7a do Minist\u00e9rio do Planejamento, Desenvolvimento e Gest\u00e3o, remaneja cargos em comiss\u00e3o, substitui cargos em comiss\u00e3o do Grupo-Dire\u00e7\u00e3o e Assessoramento Superiores &#8211; DAS por Fun\u00e7\u00f5es Comissionadas do Poder Executivo &#8211; FCPE e transforma cargos em comiss\u00e3o. &#8211; NOVA ESTRUTURA DA SETIC (ANTIGA STI)<\/td>\r\n<\/tr>\r\n<tr>\r\n<td width=\"30%\"><a href=\"http:\/\/www.planalto.gov.br\/ccivil_03\/_ato2015-2018\/2016\/decreto\/D8638.htm\" target=\"_blank\">DECRETO N\u00ba 8.638 DE 15, DE JANEIRO DE 2016<\/a><\/td>\r\n<td style=\"text-align: justify;\">Institui a Pol\u00edtica de Governan\u00e7a Digital no \u00e2mbito dos \u00f3rg\u00e3os e das entidades da administra\u00e7\u00e3o p\u00fablica federal direta, aut\u00e1rquica e fundacional.<\/td>\r\n<\/tr>\r\n<tr>\r\n<td><a href=\"http:\/\/www.planalto.gov.br\/ccivil_03\/_ato2015-2018\/2016\/decreto\/D8936.htm\" target=\"_blank\">DECRETO N\u00ba 8.936, DE 19 DE DEZEMBRO DE 2016<\/a><\/td>\r\n<td style=\"text-align: justify;\">Institui a Plataforma de Cidadania Digital e disp\u00f5e sobre a oferta dos servi\u00e7os p\u00fablicos digitais, no \u00e2mbito dos \u00f3rg\u00e3os e das entidades da administra\u00e7\u00e3o p\u00fablica federal direta, aut\u00e1rquica e fundacional.<\/td>\r\n<\/tr>\r\n<tr>\r\n<td><a href=\"http:\/\/www.planalto.gov.br\/ccivil_03\/_ato2015-2018\/2016\/decreto\/d8789.htm\" target=\"_blank\">DECRETO N\u00ba 8.789, DE 29 DE JUNHO DE 2016<\/a><\/td>\r\n<td style=\"text-align: justify;\">Disp\u00f5e sobre o compartilhamento de bases de dados na administra\u00e7\u00e3o p\u00fablica federal.<\/td>\r\n<\/tr>\r\n<tr>\r\n<td><a href=\"http:\/\/www.planalto.gov.br\/ccivil_03\/_Ato2015-2018\/2015\/Decreto\/D8539.htm\" target=\"_blank\">DECRETO N\u00ba 8.539, DE 8 DE OUTUBRO DE 2015<\/a><\/td>\r\n<td style=\"text-align: justify;\">Disp\u00f5e sobre o uso do meio eletr\u00f4nico para a realiza\u00e7\u00e3o do processo administrativo no \u00e2mbito dos \u00f3rg\u00e3os e das entidades da administra\u00e7\u00e3o p\u00fablica federal direta, aut\u00e1rquica e fundacional.<\/td>\r\n<\/tr>\r\n<tr>\r\n<td><a href=\"http:\/\/www.planalto.gov.br\/ccivil_03\/_Ato2011-2014\/2013\/Decreto\/D8135.htm\" target=\"_blank\">DECRETO No 8.135, DE 4 DE NOVEMBRO DE 2013<\/a><\/td>\r\n<td style=\"text-align: justify;\">Disp\u00f5e sobre as comunica\u00e7\u00f5es de dados da administra\u00e7\u00e3o p\u00fablica federal direta, aut\u00e1rquica e fundacional, e sobre a dispensa de licita\u00e7\u00e3o nas contrata\u00e7\u00f5es que possam comprometer a seguran\u00e7a nacional.<\/td>\r\n<\/tr>\r\n<tr>\r\n<td><a href=\"http:\/\/www.planalto.gov.br\/Ccivil_03\/_Ato2007-2010\/2010\/Decreto\/D7174.htm\" target=\"_blank\">DECRETO No 7.174, DE 12 DE MAIO DE 2010<\/a><\/td>\r\n<td style=\"text-align: justify;\">Regulamenta a contrata\u00e7\u00e3o de bens e servi\u00e7os de inform\u00e1tica e automa\u00e7\u00e3o pela administra\u00e7\u00e3o p\u00fablica federal, direta ou indireta, pelas funda\u00e7\u00f5es institu\u00eddas ou mantidas pelo Poder P\u00fablico e pelas demais organiza\u00e7\u00f5es sob o controle direto ou indireto da Uni\u00e3o.<\/td>\r\n<\/tr>\r\n<tr>\r\n<td><a href=\"http:\/\/www.planalto.gov.br\/ccivil_03\/_ato2011-2014\/2014\/lei\/l12965.htm\" target=\"_blank\">LEI N\u00ba 12.965, DE 23 DE ABRIL DE 2014<\/a><\/td>\r\n<td style=\"text-align: justify;\">Estabelece princ\u00edpios, garantias, direitos e deveres para o uso da Internet no Brasil. (MARCO CIVIL DA INTERNET)<\/td>\r\n<\/tr>\r\n<tr>\r\n<td><a href=\"http:\/\/www.planalto.gov.br\/ccivil_03\/_Ato2015-2018\/2016\/Decreto\/D8771.htm\" target=\"_blank\">DECRETO N\u00ba 8.771, DE 11 DE MAIO DE 2016<\/a><\/td>\r\n<td style=\"text-align: justify;\">Regulamenta o Marco Civil da Internet<\/td>\r\n<\/tr>\r\n<tr>\r\n<td><a href=\"http:\/\/www.planalto.gov.br\/ccivil_03\/_Ato2011-2014\/2011\/Decreto\/D7579.htm\" target=\"_blank\">DECRETO N\u00ba 7.579, DE 11 DE OUTUBRO DE 2011.<\/a><\/td>\r\n<td style=\"text-align: justify;\">Disp\u00f5e sobre o Sistema de Administra\u00e7\u00e3o dos Recursos de Tecnologia da Informa\u00e7\u00e3o\u00a0&#8211;\u00a0SISP, do Poder Executivo federal.<\/td>\r\n<\/tr>\r\n<tr>\r\n<td><a href=\"http:\/\/www.planalto.gov.br\/ccivil_03\/_ato2015-2018\/2016\/decreto\/D8777.htm\" target=\"_blank\">DECRETO N\u00ba 8.777, DE 11 DE MAIO DE 2016<\/a><\/td>\r\n<td style=\"text-align: justify;\">Institui a Pol\u00edtica de Dados Abertos do Poder Executivo federal.<\/td>\r\n<\/tr>\r\n<\/tbody>\r\n<\/table>\r\n<h4>Of\u00edcios Circulares<\/h4>\r\n<table>\r\n<tbody>\r\n<tr>\r\n<td width=\"30%\"><a href=\"http:\/\/www.cgtic.andifes.org.br\/files\/docs-externos\/OFICIO-CIRCULAR-120-2017-MP.pdf\">Of\u00edcio Circular no 120\/2017-MP &#8211; <\/a><\/td>\r\n<td style=\"text-align: justify;\">Atualiza\u00e7\u00e3o do documento Boas Pr\u00e1ticas, Veda\u00e7\u00f5es e Orienta\u00e7\u00f5es de Car\u00e1ter Geral vinculado \u00e0 Portaria STI\/MP no 20, de 14 de junho de 2016.<\/td>\r\n<\/tr>\r\n<\/tbody>\r\n<\/table>\r\n<h4>Portarias<\/h4>\r\n<table>\r\n<tbody>\r\n<tr>\r\n<td width=\"30%\"><span style=\"color: #172938; font-family: Arial,Helvetica,sans-serif;\"><a href=\"http:\/\/pesquisa.in.gov.br\/imprensa\/jsp\/visualiza\/index.jsp?jornal=1&amp;pagina=50&amp;data=31\/05\/2017\" target=\"_blank\" data-saferedirecturl=\"https:\/\/www.google.com\/url?hl=pt-BR&amp;q=http:\/\/pesquisa.in.gov.br\/imprensa\/jsp\/visualiza\/index.jsp?jornal%3D1%26pagina%3D50%26data%3D31\/05\/2017&amp;source=gmail&amp;ust=1496749305414000&amp;usg=AFQjCNGas2p8nQ9JOr006yHKCTQ3KxvyXg\">Portaria n\u00ba 19, de 29 de maio de 2017<\/a><\/span><\/td>\r\n<td>\r\n<div style=\"text-align: justify;\">Define estrat\u00e9gia para Governan\u00e7a de TIC<\/div><\/td>\r\n<\/tr>\r\n<tr>\r\n<td width=\"30%\"><a href=\"http:\/\/pesquisa.in.gov.br\/imprensa\/jsp\/visualiza\/index.jsp?jornal=1&amp;pagina=147&amp;data=08\/03\/2017\" target=\"_blank\">PORTARIA N\u00ba 4, DE 6 DE MAR\u00c7O DE 2017<\/a><\/td>\r\n<td>\r\n<div style=\"text-align: justify;\">Disp\u00f5e sobre recomenda\u00e7\u00f5es t\u00e9cnicas para mensura\u00e7\u00e3o de software ou de resultados de servi\u00e7os de desenvolvimento, manuten\u00e7\u00e3o e sustenta\u00e7\u00e3o de software no \u00e2mbito do Sistema de Administra\u00e7\u00e3o dos Recursos de Tecnologia da Informa\u00e7\u00e3o &#8211; SISP, e d\u00e1 outras provid\u00eancias.<\/div><\/td>\r\n<\/tr>\r\n<tr>\r\n<td width=\"30%\"><a href=\"http:\/\/pesquisa.in.gov.br\/imprensa\/jsp\/visualiza\/index.jsp?data=27\/12\/2016&amp;jornal=1&amp;pagina=313&amp;totalArquivos=332\" target=\"_blank\">PORTARIA N\u00ba 58, DE 23 DE DEZEMBRO DE 2016 &#8211; STI<\/a><\/td>\r\n<td style=\"text-align: justify;\">Disp\u00f5e sobre procedimentos complementares para o compartilhamento de bases de dados oficiais entre \u00f3rg\u00e3os e entidades da administra\u00e7\u00e3o p\u00fablica federal direta e indireta e as demais entidades controladas direta ou indiretamente pela Uni\u00e3o.<\/td>\r\n<\/tr>\r\n<tr>\r\n<td width=\"30%\"><a href=\"https:\/\/www.governoeletronico.gov.br\/documentos-e-arquivos\/Portaria%2068%20-%20EGD.pdf\" target=\"_blank\">PORTARIA NORMATIVA MP No 68, DE 7 DE MAR\u00c7O DE 2016<\/a><\/td>\r\n<td style=\"text-align: justify;\">Aprova a Estrat\u00e9gia de Governan\u00e7a Digital da Administra\u00e7\u00e3o P\u00fablica Federal para o per\u00edodo 2016-2019 e atribui \u00e0 Secretaria de Tecnologia da Informa\u00e7\u00e3o a compet\u00eancia que especifica.<\/td>\r\n<\/tr>\r\n<tr>\r\n<td width=\"30%\"><a href=\"https:\/\/www.governoeletronico.gov.br\/documentos-e-arquivos\/Portaria-MP%2051-2016_DOU.pdf\/view\" target=\"_blank\">PORTARIA No 51, DE 7 DE OUTUBRO DE 2016<\/a><\/td>\r\n<td style=\"text-align: justify;\">Regulamenta o processo de autoriza\u00e7\u00e3o de registro de dom\u00ednios &#8220;.gov.br&#8221;<\/td>\r\n<\/tr>\r\n<tr>\r\n<td width=\"30%\"><a href=\"https:\/\/www.governoeletronico.gov.br\/documentos-e-arquivos\/portaria3_eMAG.pdf\" target=\"_blank\">PORTARIA No 3, DE 7 DE MAIO DE 2007<\/a><\/td>\r\n<td style=\"text-align: justify;\">Institucionaliza o Modelo de Acessibilidade em Governo Eletr\u00f4nico \u2013 eMAG no \u00e2mbito do Sistema de Administra\u00e7\u00e3o dos Recursos de Tecnologia da Informa\u00e7\u00e3o \u2013 SISP<\/td>\r\n<\/tr>\r\n<tr>\r\n<td width=\"30%\"><a href=\"http:\/\/pesquisa.in.gov.br\/imprensa\/jsp\/visualiza\/index.jsp?jornal=1&amp;pagina=50&amp;data=26\/12\/2014\" target=\"_blank\">PORTARIA No 92 DE 24 DE DEZEMBRO DE 2014<\/a><\/td>\r\n<td>Institui a ePING<\/td>\r\n<\/tr>\r\n<tr>\r\n<td width=\"30%\"><a href=\"http:\/\/pesquisa.in.gov.br\/imprensa\/servlet\/INPDFViewer?jornal=1&amp;pagina=52&amp;data=04\/10\/2016&amp;captchafield=firistAccess\" target=\"_blank\">PORTARIA No 46, DE 28 DE SETEMBRO DE 2016<\/a><\/td>\r\n<td style=\"text-align: justify;\">Disp\u00f5e sobre a disponibiliza\u00e7\u00e3o de Software P\u00fablico Brasileiro e d\u00e1 outras provid\u00eancias.<\/td>\r\n<\/tr>\r\n<tr>\r\n<td width=\"30%\"><a href=\"http:\/\/pesquisa.in.gov.br\/imprensa\/servlet\/INPDFViewer?jornal=1&amp;pagina=53&amp;data=04\/10\/2016&amp;captchafield=firistAccess\" target=\"_blank\">PORTARIA No 48, DE 28 DE SETEMBRO DE 2016<\/a><\/td>\r\n<td style=\"text-align: justify;\">Disp\u00f5e sobre o Cat\u00e1logo de Software do Sistema de Administra\u00e7\u00e3o dos Recursos de Tecnologia da Informa\u00e7\u00e3o \u2013 SISP.<\/td>\r\n<\/tr>\r\n<tr>\r\n<td width=\"30%\"><a href=\"https:\/\/www.governoeletronico.gov.br\/documentos-e-arquivos\/Portaria%20MP-STI%20no%2020%20de%2014%20de%20junho%20de%202016.pdf\" target=\"_blank\">PORTARIA No 20 , DE 14 DE JUNHO DE 2016<\/a><\/td>\r\n<td style=\"text-align: justify;\">Disp\u00f5e sobre orienta\u00e7\u00f5es para contrata\u00e7\u00e3o de solu\u00e7\u00f5es de Tecnologia da Informa\u00e7\u00e3o no \u00e2mbito da Administra\u00e7\u00e3o P\u00fablica Federal direta, aut\u00e1rquica e fundacional e d\u00e1 outras provid\u00eancias.<\/td>\r\n<\/tr>\r\n<tr>\r\n<td width=\"30%\"><a href=\"https:\/\/www.governoeletronico.gov.br\/documentos-e-arquivos\/Portaria%20MP-STI%20no%2040-%20de%2014%20de%20setembro%20de%202016.pdf\/view\" target=\"_blank\">PORTARIA No 40, DE 14 DE SETEMBRO DE 2016<\/a><\/td>\r\n<td style=\"text-align: justify;\">Institui o Plano de Contrata\u00e7\u00f5es de Solu\u00e7\u00f5es de Tecnologia da Informa\u00e7\u00e3o e Comunica\u00e7\u00f5es como ferramenta de planejamento a ser consolidada pelos \u00f3rg\u00e3os integrantes do Sistema de Administra\u00e7\u00e3o dos Recursos de Tecnologia da Informa\u00e7\u00e3o do Poder Executivo federal -SISP.<\/td>\r\n<\/tr>\r\n<tr>\r\n<td width=\"30%\"><a href=\"https:\/\/www.legisweb.com.br\/legislacao\/?id=269793\" target=\"_blank\">Portaria Interministerial MP\/MC\/MD N\u00ba 141 DE 02\/05\/2014<\/a><\/td>\r\n<td style=\"text-align: justify;\">Disp\u00f5e que as comunica\u00e7\u00f5es de dados da Administra\u00e7\u00e3o P\u00fablica Federal direta, aut\u00e1rquica e fundacional dever\u00e3o ser realizadas por redes de telecomunica\u00e7\u00f5es e servi\u00e7os de tecnologia da informa\u00e7\u00e3o fornecidos por \u00f3rg\u00e3os ou entidades da Administra\u00e7\u00e3o P\u00fablica Federal, incluindo empresas p\u00fablicas e sociedades de economia mista da Uni\u00e3o e suas subsidi\u00e1rias, observado o disposto nesta Portaria.<\/td>\r\n<\/tr>\r\n<\/tbody>\r\n<\/table>\r\n<h4>Instru\u00e7\u00f5es Normativas \/ Notas T\u00e9cnicas<\/h4>\r\n<table>\r\n<tbody>\r\n\r\n<tr>\r\n<td width=\"30%\"><a href=\"https:\/\/www.comprasgovernamentais.gov.br\/index.php\/legislacao\/instrucoes-normativas\/1068-in-1-de-2019\">IN 01\/2019 do Minist\u00e9rio da Economia<\/a><\/td>\r\n<td style=\"text-align: justify;\">Disp\u00f5e sobre Plano Anual de Contrata\u00e7\u00f5es de bens, servi\u00e7os, obras e solu\u00e7\u00f5es de tecnologia da informa\u00e7\u00e3o e comunica\u00e7\u00f5es no \u00e2mbito da Administra\u00e7\u00e3o P\u00fablica federal direta, aut\u00e1rquica e fundacional e sobre o Sistema de Planejamento e Gerenciamento de Contrata\u00e7\u00f5es.<\/td>\r\n<\/tr>\r\n<tr>\r\n<td width=\"30%\"><a href=\"http:\/\/www.cgtic.andifes.org.br\/files\/Nota T\u00e9cnica - TCU.PDF\">Nota T\u00e9cnica 1\/2014 do TCU<\/a><\/td>\r\n<td style=\"text-align: justify;\">Regime de sobreaviso. Administra\u00e7\u00e3o\u00a0 P\u00fablica Federal. Essencialidade dos Ativos\u00a0 de Informa\u00e7\u00e3o. Garantia de continuidade de\u00a0 funcionamento ininterrupto. Suporte t\u00e9cnico\u00a0 tempestivo realizado por servidores.\u00a0 Necessidade de regulamenta\u00e7\u00e3o.<\/td>\r\n<\/tr>\r\n<tr>\r\n<td width=\"30%\"><a href=\"https:\/\/www.governoeletronico.gov.br\/documentos-e-arquivos\/1%20-%20IN%204%20%2011-9-14.pdf\" target=\"_blank\">INSTRU\u00c7\u00c3O NORMATIVA N\u00b0 4, DE 11 DE SETEMBRO DE 2014.<\/a><\/td>\r\n<td style=\"text-align: justify;\">Disp\u00f5e sobre o processo de contrata\u00e7\u00e3o de Solu\u00e7\u00f5es de Tecnologia da Informa\u00e7\u00e3o pelos \u00f3rg\u00e3os integrantes do Sistema de Administra\u00e7\u00e3o dos Recursos de Tecnologia da Informa\u00e7\u00e3o &#8211; SISP do Poder Executivo Federal<\/td>\r\n<\/tr>\r\n<tr>\r\n<td width=\"30%\"><a href=\"https:\/\/www.governoeletronico.gov.br\/documentos-e-arquivos\/IN%202_2015.pdf\" target=\"_blank\">INSTRU\u00c7\u00c3O NORMATIVA No 2, DE 12 DE JANEIRO DE 2015<\/a><\/td>\r\n<td>Altera a Instru\u00e7\u00e3o Normativa no 4<\/td>\r\n<\/tr>\r\n<tr>\r\n<td width=\"30%\"><a href=\"http:\/\/dados.gov.br\/paginas\/instrucao-normativa-da-inda\" target=\"_blank\">INSTRU\u00c7\u00c3O NORMATIVA N\u00b0 4 DE 13 DE ABRIL DE 2012<\/a><\/td>\r\n<td style=\"text-align: justify;\">Institui a Infraestrutura Nacional de Dados Abertos \u2013 INDA;<\/td>\r\n<\/tr>\r\n<tr>\r\n<td style=\"text-align: justify;\" width=\"30%\"><a href=\"http:\/\/pesquisa.in.gov.br\/imprensa\/jsp\/visualiza\/index.jsp?data=23\/12\/2014&amp;jornal=1&amp;pagina=6&amp;totalArquivos=136%22%22\" target=\"_blank\">Instru\u00e7\u00e3o Normativa n\u00ba 8 de 19 de dezembro de 2014<\/a><\/td>\r\n<td style=\"text-align: justify;\">define como diretrizes para o acesso universal \u00e0 Identidade Padr\u00e3o de Comunica\u00e7\u00e3o Digital a ado\u00e7\u00e3o dos padr\u00f5es estabelecidos na ePING.<\/td>\r\n<\/tr>\r\n<tr>\r\n<td width=\"30%\"><a href=\"http:\/\/portal.tcu.gov.br\/lumis\/portal\/file\/fileDownload.jsp?inline=1&amp;fileId=8A8182A24F0A728E014F0B37180B76DA\" target=\"_blank\">Nota T\u00e9cnica 7\/2014 do TCU<\/a><\/td>\r\n<td>\r\n<div>ORGANIZA\u00c7\u00c3O DO SISTEMA DE GOVERNAN\u00c7A DE TECNOLOGIA DA INFORMA\u00c7\u00c3O (TI)<\/div><\/td>\r\n<\/tr>\r\n<\/tbody>\r\n<\/table>\r\n<h4>Ac\u00f3rd\u00e3os<\/h4>\r\n<table>\r\n<tbody>\r\n<tr>\r\n<td width=\"30%\"><a href=\"https:\/\/contas.tcu.gov.br\/pesquisaJurisprudencia\/#\/detalhamento\/11\/%252a\/NUMACORDAO%253A248%2520ANOACORDAO%253A2017%2520COLEGIADO%253A%2522Plen%25C3%25A1rio%2522\/DTRELEVANCIA%2520desc\/false\/1\">TCU,Ac\u00f3rd\u00e3o no 248\/2017-TCU-Plen\u00e1rio<\/a><\/td>\r\n<td style=\"text-align: justify;\">Determina\u00e7\u00f5es relacionadas \u00e0s justificativas dos quantitativos solicitados por \u00f3rg\u00e3os participantes e n\u00e3o participantes; ao c\u00e1lculo do valor que obriga a realiza\u00e7\u00e3o de audi\u00eancia p\u00fablica; e \u00e0 restri\u00e7\u00e3o a um \u00fanico fabricante sob a alega\u00e7\u00e3o de padroniza\u00e7\u00e3o.<\/td>\r\n<\/tr>\r\n<tr>\r\n<td style=\"text-align: justify;\" width=\"30%\"><a href=\"http:\/\/www.tcu.gov.br\/Consultas\/Juris\/Docs\/judoc\/Acord\/20061208\/TC-022-049-2006-7.doc\">TCU, Ac\u00f3rd\u00e3o 2401\/2006, 9.3.2 &#8211; Plen\u00e1rio<\/a><\/td>\r\n<td style=\"text-align: justify;\">Sum\u00e1rio: REPRESENTA\u00c7\u00c3O DE LICITANTE. PREG\u00c3O. REGISTRO DE PRE\u00c7OS DE PERIF\u00c9RICOS E SUPRIMENTOS DE INFORM\u00c1TICA. LICITA\u00c7\u00c3O POR LOTES. DEFINI\u00c7\u00c3O DOS LOTES EM FUN\u00c7\u00c3O DO LOCAL DE ENTREGA. IRREGULAR INDICA\u00c7\u00c3O DE MARCAS. RESTRI\u00c7\u00c3O SIGNIFICATIVA AO CAR\u00c1TER COMPETITIVO DO CERTAME. DETERMINA\u00c7\u00c3O NO SENTIDO DE QUE SOMENTE SE D\u00ca PROSSEGUIMENTO \u00c0 LICITA\u00c7\u00c3O AP\u00d3S IMPLEMENTADAS TODAS AS CONDI\u00c7\u00d5ES E CORRE\u00c7\u00d5ES NECESS\u00c1RIAS, MOMENTO EM QUE SE DEVER\u00c1 PROCEDER \u00c0 REPUBLICA\u00c7\u00c3O INTEGRAL DO EDITAL, REINICIANDO A CONTAGEM DOS PRAZOS LEGAIS PARA APRESENTA\u00c7\u00c3O DE NOVAS PROPOSTAS\r\n1) \u00c9 irregular o agrupamento, em um mesmo lote a ser licitado, de objetos divis\u00edveis, haja vista o disposto no art. 23, \u00a7 1\u00ba, da Lei 8.666\/93 e na S\u00famula 247 do TCU;\r\n2) O agrupamento em lotes previsto no art. 5\u00ba do Decreto 3.931\/2001 somente pode abranger itens de natureza semelhante;\r\n3) \u00c9 ilegal a indica\u00e7\u00e3o de marcas, nos termos do \u00a7 7\u00ba do art. 15 da Lei 8.666\/93, salvo quando devidamente justificada por crit\u00e9rios t\u00e9cnicos ou expressamente indicativa da qualidade do material a ser adquirido.<\/td>\r\n<\/tr>\r\n<tr>\r\n<td width=\"30%\"><a href=\"http:\/\/www.tcu.gov.br\/Consultas\/Juris\/Docs\/judoc\/Acord\/...\/AC_2403_35_12_P.doc\" target=\"_blank\">TCU, Ac\u00f3rd\u00e3o 2403\/2012 &#8211; Ata n\u00b0 35\/2012 \u2013 Plen\u00e1rio.<\/a><\/td>\r\n<td style=\"text-align: justify;\">ACORDAM os Ministros do Tribunal de Contas da Uni\u00e3o, reunidos em Sess\u00e3o Plen\u00e1ria, ante as raz\u00f5es expostas pelo Relator, em:\r\n9.1. considerar parcialmente procedente a representa\u00e7\u00e3o;\r\n9.2. confirmar os efeitos da medida cautelar adotada nestes autos, determinando \u00e0 UFABC que n\u00e3o celebre novos contratos nem autorize ades\u00f5es aos itens 1, 2 e 3 da ata de registro de pre\u00e7os decorrente do Preg\u00e3o Eletr\u00f4nico n\u00ba 90\/2011;\r\n9.3. dar ci\u00eancia \u00e0 UFABC de que:\r\n9.3.1. a n\u00e3o republica\u00e7\u00e3o do instrumento convocat\u00f3rio do Preg\u00e3o Eletr\u00f4nico n\u00ba 90\/2011, diante de altera\u00e7\u00f5es promovidas em consequ\u00eancia de impugna\u00e7\u00f5es ao edital do certame, violou o art. 20 do Decreto n\u00ba 5.450\/2005;\r\n9.3.2. a exig\u00eancia da declara\u00e7\u00e3o do fabricante autorizando a empresa licitante a comercializar e prestar os servi\u00e7os de garantia n\u00e3o encontra amparo nos arts. 3\u00ba, \u00a7 1\u00ba, I, e 30, ambos da Lei n\u00ba 8.666\/93;\r\n9.3.3. a exig\u00eancia de equipamento com perif\u00e9ricos do mesmo fabricante, sem possibilidade de aceita\u00e7\u00e3o de monitor, teclado e mouse de diferentes marcas, afronta o disposto no art. 3\u00ba, \u00a7 1\u00ba, I, da Lei n\u00ba 8.666\/93;\r\n9.3.4. a op\u00e7\u00e3o pelo padr\u00e3o BTX, em detrimento de outra tecnologia mais disseminada, sem a devida caracteriza\u00e7\u00e3o de sua necessidade, n\u00e3o est\u00e1 em conson\u00e2ncia com o teor do art. 3\u00ba, \u00a7 1\u00ba, I, da Lei n\u00ba 8.666\/93;\r\n9.4. encaminhar c\u00f3pia deste ac\u00f3rd\u00e3o, bem como do relat\u00f3rio e do voto que o fundamentam, \u00e0 representante e \u00e0 UFABC;\r\n9.5. arquivar os autos ap\u00f3s a ado\u00e7\u00e3o das medidas constantes dos itens 9.2 a 9.4 acima.<\/td>\r\n<\/tr>\r\n<tr>\r\n<td width=\"30%\"><a href=\"http:\/\/sintse.tse.jus.br\/documentos\/2017\/Mai\/12\/acordao-no-882-2017-plenario-levantamento-de-auditoria-diversas-unidades-jurisdicionadas-em-todos-os-poderes-tre-pa\" target=\"_blank\">AC\u00d3RD\u00c3O N\u00b0 882\/2017 \u2014 TCU \u2014 Plen\u00e1rio<\/a><\/td>\r\n<td style=\"text-align: justify;\">TCU. RELAT\u00d3RIO DE LEVANTAMENTO. AVALIA\u00c7\u00c3O DA GOVERNAN\u00c7A DE TECNOLOGIA DA INFORMA\u00c7\u00c3O NA ADMINISTRA\u00c7\u00c3O P\u00daBLICA FEDERAL. SUBS\u00cdDIO \u00c0S ATIVIDADES DE FISCALIZA\u00c7\u00c3O DO TCU. INFORMA\u00c7\u00c3O \u00c0S ORGANIZA\u00c7\u00d5ES PARTICIPANTES, DA AVALIA\u00c7\u00c3O INDIVIDUALIZADA DE GOVERNAN\u00c7A DE TI E DA COMPARA\u00c7\u00c3O COM OS RESULTADOS CONSOLIDADOS DE SEU SEGMENTO DE ATUA\u00c7\u00c3O, PARA INDU\u00c7\u00c3O DO APERFEI\u00c7OAMENTO DE SUA GOVERNAN\u00c7A E DOS PROCESSOS DE GEST\u00c3O DE TI.<\/td>\r\n<\/tr>\r\n<\/tbody>\r\n<\/table>\r\n&nbsp;\t\t\t\t\t\t\t\t<\/div>\n\t\t\t\t\t<\/div>\n\t\t\t\t<\/div>\n\t\t\t\t<\/div>\n\t\t","protected":false},"excerpt":{"rendered":"<p>Legisla\u00e7\u00e3o Re\u00fane normas, portarias e marcos legais que orientam as a\u00e7\u00f5es de tecnologia da informa\u00e7\u00e3o e comunica\u00e7\u00e3o nas Institui\u00e7\u00f5es Federais de Ensino Superior. Compila\u00e7\u00e3o b\u00e1sica da legisla\u00e7\u00e3o a ser seguida pelos membros do CGTIC. Sugest\u00f5es de inclus\u00e3o podem ser feitas atrav\u00e9s do formul\u00e1rio de contato do site. Decretos \/ Leis DECRETO No 9.637, DE 26 [&hellip;]<\/p>\n","protected":false},"author":1,"featured_media":0,"parent":0,"menu_order":0,"comment_status":"closed","ping_status":"closed","template":"elementor_header_footer","meta":{"footnotes":""},"class_list":["post-53","page","type-page","status-publish","hentry"],"_links":{"self":[{"href":"https:\/\/www.cgtic.andifes.org.br\/index.php\/wp-json\/wp\/v2\/pages\/53","targetHints":{"allow":["GET"]}}],"collection":[{"href":"https:\/\/www.cgtic.andifes.org.br\/index.php\/wp-json\/wp\/v2\/pages"}],"about":[{"href":"https:\/\/www.cgtic.andifes.org.br\/index.php\/wp-json\/wp\/v2\/types\/page"}],"author":[{"embeddable":true,"href":"https:\/\/www.cgtic.andifes.org.br\/index.php\/wp-json\/wp\/v2\/users\/1"}],"replies":[{"embeddable":true,"href":"https:\/\/www.cgtic.andifes.org.br\/index.php\/wp-json\/wp\/v2\/comments?post=53"}],"version-history":[{"count":33,"href":"https:\/\/www.cgtic.andifes.org.br\/index.php\/wp-json\/wp\/v2\/pages\/53\/revisions"}],"predecessor-version":[{"id":1023,"href":"https:\/\/www.cgtic.andifes.org.br\/index.php\/wp-json\/wp\/v2\/pages\/53\/revisions\/1023"}],"wp:attachment":[{"href":"https:\/\/www.cgtic.andifes.org.br\/index.php\/wp-json\/wp\/v2\/media?parent=53"}],"curies":[{"name":"wp","href":"https:\/\/api.w.org\/{rel}","templated":true}]}}