{"id":56,"date":"2016-11-07T09:09:54","date_gmt":"2016-11-07T11:09:54","guid":{"rendered":"http:\/\/201.57.207.35\/cgtic\/?page_id=56"},"modified":"2026-04-29T13:53:35","modified_gmt":"2026-04-29T16:53:35","slug":"sistemas-estruturantes-integracao","status":"publish","type":"page","link":"https:\/\/www.cgtic.andifes.org.br\/index.php\/sistemas-estruturantes-integracao\/","title":{"rendered":"Sistemas Estruturantes &#8211; Integra\u00e7\u00e3o"},"content":{"rendered":"\t\t<div data-elementor-type=\"wp-page\" data-elementor-id=\"56\" class=\"elementor elementor-56\" data-elementor-post-type=\"page\">\n\t\t\t\t<div class=\"elementor-element elementor-element-544fcb4 e-flex e-con-boxed e-con e-parent\" data-id=\"544fcb4\" data-element_type=\"container\" data-e-type=\"container\" data-settings=\"{&quot;background_background&quot;:&quot;classic&quot;}\">\n\t\t\t\t\t<div class=\"e-con-inner\">\n\t\t\t\t<div class=\"elementor-element elementor-element-60f6b62 elementor-widget elementor-widget-elementskit-heading\" data-id=\"60f6b62\" data-element_type=\"widget\" data-e-type=\"widget\" data-widget_type=\"elementskit-heading.default\">\n\t\t\t\t\t<div class=\"ekit-wid-con\" ><div class=\"ekit-heading elementskit-section-title-wraper center   ekit_heading_tablet-   ekit_heading_mobile-\"><h2 class=\"ekit-heading--title elementskit-section-title \">Integra\u00e7\u00e3o de Sistemas<\/h2>\t\t\t\t<div class='ekit-heading__description'>\n\t\t\t\t\t<p>Espa\u00e7o dedicado ao compartilhamento de iniciativas e solu\u00e7\u00f5es que promovem a integra\u00e7\u00e3o de sistemas entre as IFES, fortalecendo a interoperabilidade e a efici\u00eancia na gest\u00e3o p\u00fablica.<\/p>\n\t\t\t\t<\/div>\n\t\t\t<\/div><\/div>\t\t\t\t<\/div>\n\t\t\t\t\t<\/div>\n\t\t\t\t<\/div>\n\t\t<div class=\"elementor-element elementor-element-1bd86678 e-flex e-con-boxed e-con e-parent\" data-id=\"1bd86678\" data-element_type=\"container\" data-e-type=\"container\">\n\t\t\t\t\t<div class=\"e-con-inner\">\n\t\t\t\t<div class=\"elementor-element elementor-element-49be207b elementor-widget elementor-widget-text-editor\" data-id=\"49be207b\" data-element_type=\"widget\" data-e-type=\"widget\" data-widget_type=\"text-editor.default\">\n\t\t\t\t\t\t\t\t\tInforma\u00e7\u00f5es dispon\u00edveis sobre integra\u00e7\u00e3o com os sistemas estruturantes do governo. Sugest\u00f5es de inclus\u00e3o ou altera\u00e7\u00e3o podem ser feitas atrav\u00e9s do formul\u00e1rio de contato do site.\r\n\r\n<b>1) ConectaGOV: <a href=\"https:\/\/catalogo.conecta.gov.br\/store\/apis\/list\" target=\"_blank\" data-saferedirecturl=\"https:\/\/www.google.com\/url?q=https:\/\/catalogo.conecta.gov.br\/store\/apis\/list&amp;source=gmail&amp;ust=1534353157866000&amp;usg=AFQjCNExEB1hSXALR48UkTM8Yo2r0xJtLw\">https:\/\/catalogo.conecta.gov.<wbr \/>br\/store\/apis\/list<\/a> &#8211; Plataforma de Interoperabilidade do Governo Federal, disponibilizada pelo MPDG, que disponibiliza alguns webservices, conforme lista a seguir. No pr\u00f3prio site existe os contatos dos respons\u00e1veis para que se pe\u00e7a autoriza\u00e7\u00e3o de acesso. Alguns s\u00e3o pagos, como o do Denatran, outros gratuitos, como o do SIORG e quita\u00e7\u00e3o eleitoral. <\/b>\r\n<div>\r\n<ul>\r\n \t<li><b>SiapeNET<\/b> &#8211; Uso gratuito. Contato pelo Tel: 55 (61) 2020-8589. Os principais m\u00e9todos dispon\u00edveis para consulta s\u00e3o ConsultaDadosPessoais, ConsultaDadosDocumentacao, ConsultaDadosFuncionais, ConsultaDadosEscolares, ConsultaDadosUORG, ConsultaDadosEnderecoResidenci<wbr \/>al, ConsultaDadosFinanceiros, ConsultaDadosDependentes, ConsultaDadosPA, ConsultaDadosSICAJ, ConsultaDadosBancarios, ConsultaDadosRepresentanteLega<wbr \/>l, ConsultaDadosCurriculo, ConsultaDadosPensaoRecebida, ConsultaPensoesInstituidas, ListaUORGS, DadosUORG, ListaServidores. As informa\u00e7\u00f5es de solicita\u00e7\u00e3o est\u00e3o mais detalhadas em <a href=\"https:\/\/www.servidor.gov.br\/servicos\/faq\/duvidas-frequentes-de-acesso\/orgao-integracao-via-webservices-siape\" target=\"_blank\" data-saferedirecturl=\"https:\/\/www.google.com\/url?q=https:\/\/www.servidor.gov.br\/servicos\/faq\/duvidas-frequentes-de-acesso\/orgao-integracao-via-webservices-siape&amp;source=gmail&amp;ust=1534353157866000&amp;usg=AFQjCNGOkAze9QkS_YN1qPpR5-L2uwITtg\">https:\/\/www.servidor.gov.br\/<wbr \/>servicos\/faq\/duvidas-<wbr \/>frequentes-de-acesso\/orgao-<wbr \/>integracao-via-webservices-<wbr \/>siape<\/a> . No link constam formul\u00e1rio de solicita\u00e7\u00e3o e documenta\u00e7\u00e3o<\/li>\r\n \t<li><b>e-Ouv<\/b>. Uso gratuito. M\u00e9todoso dispon\u00edveis: GetListaManifestacaoOuvidoria, ProrrogarPrazoManifestacao, ReencaminharManifestacao, ArquivarManifestacao, ReabrirManifestacao, ComplementarManifestacao, PublicarRespostaManifestacao, RegistrarManifestacao, RegistrarManifestacaoTerceiro, AlterarManifestacao. O acesso aos webservices do sistema e-OUV deve ser solicitado \u00e0 Ouvidoria-Geral da Uni\u00e3o pelo seguinte e-mail:\u00a0<a href=\"mailto:cgouv@cgu.gov.br\" target=\"_blank\">cgouv@cgu.gov.br<\/a>.<\/li>\r\n \t<li><b>SIORG<\/b>: Uso gratuito. Consutas: consultarCargoFuncao, consultarEnderecoContato, consultarEsfera, consultarNaturezaJuridica, consultarPoder, consultarSubNaturezaJuridica, consultarCategoriaUnidade, consultarTipoUnidade, consultarUnidadeCompleta, consultarUnidadeResumida, consultarUnidadesAlteradasOrga<wbr \/>o, consultarVersaoUnidade, consultarComposicaoColegiadoCo<wbr \/>mpleta, consultarComposicaoColegiadoRe<wbr \/>sumida, consultarEstruturaOrganizacion<wbr \/>alCompleta, consultarEstruturaOrganizacion<wbr \/>alFilha, consultarEstruturaOrganizacion<wbr \/>alResumida, consultarEstruturaUnidadeOrgan<wbr \/>izacional, consultarOrgaosEntidadesComple<wbr \/>ta, consultarOrgaosEntidadesResumi<wbr \/>da. Contatos: Quanto ao uso do sistema: (61) 2020-1843; Quanto ao acesso ao sistema: (61) 2020-1069; Quanto \u00e0 integra\u00e7\u00e3o e modelo de dados: (61) 2020-8565 \/ (61) 2020-8722. Email: <a href=\"mailto:seges.siorg@planejamento.gov.br\" target=\"_blank\">seges.siorg@planejamento.gov.<wbr \/>br<\/a><\/li>\r\n \t<li><b>Quita\u00e7\u00e3o Eleitoral<\/b>: Uso gratuito. Possui o m\u00e9todo para consultar quita\u00e7\u00e3o eleitoral.<\/li>\r\n \t<li><b>Denatran: <\/b>Contrata\u00e7\u00e3o centralizada do Serpro pelo MPDG. Consultas de condutores, ve\u00edculos, ve\u00edculos por propriet\u00e1rio, infra\u00e7\u00f5es, restri\u00e7\u00f5es, etc. Atualmente o MP disp\u00f5e de uma contrata\u00e7\u00e3o centralizada do WS Denatran e \u00f3rg\u00e3os interessados no uso devem entrar em contato diretamente com o MP para verificar a disponibilidade contratual e eventual negocia\u00e7\u00e3o. Contato: <a href=\"mailto:contato.conectagov@planejamento.gov.br\" target=\"_blank\">contato.conectagov@<wbr \/>planejamento.gov.br<\/a>\r\n<b><\/b><\/li>\r\n \t<li><b>Portal de Servi\u00e7os<\/b>: Para quem est\u00e1 usando o <a href=\"http:\/\/servicos.gov.br\" target=\"_blank\" data-saferedirecturl=\"https:\/\/www.google.com\/url?q=http:\/\/servicos.gov.br&amp;source=gmail&amp;ust=1534353157866000&amp;usg=AFQjCNHTsECGMZ-7MqDFk-f25bPzDdqyIg\">servicos.gov.br<\/a>; Para a inser\u00e7\u00e3o de servi\u00e7os p\u00fablicos via API \u00e9 necess\u00e1rio um token de autoriza\u00e7\u00e3o que deve ser solicitado via C3S. Para consultas dos servi\u00e7os p\u00fablicos cadastrados no Portal de Servi\u00e7os, n\u00e3o \u00e9 necess\u00e1rio obter acesso pr\u00e9vio pois os dados s\u00e3o de uso livre.\r\n<b><\/b><\/li>\r\n<\/ul>\r\n<div><b>2<\/b>) <b>Lattes<\/b>: O CNPq disponibiliza \u00e0s institui\u00e7\u00f5es a possibilidade de extra\u00e7\u00e3o de dados da Plataforma Lattes, tanto da base de Curr\u00edculos Lattes como do Diret\u00f3rio dos Grupos de Pesquisa, por meio de uma ferramenta chamada Lattes Extrator. Para saber todos os procedimentos e ter acessos aos formul\u00e1rios para a institui\u00e7\u00e3o efetuar cadastro e solicitar acesso \u00e0 ao Lattes Extrator Clique aqui . <a href=\"http:\/\/memoria.cnpq.br\/web\/portal-lattes\/extracoes-de-dados\" target=\"_blank\" data-saferedirecturl=\"https:\/\/www.google.com\/url?q=http:\/\/memoria.cnpq.br\/web\/portal-lattes\/extracoes-de-dados&amp;source=gmail&amp;ust=1534353157866000&amp;usg=AFQjCNGg8dYPa_EnwWc3lorOTRydAMRoUA\">http:\/\/memoria.cnpq.br\/web\/<wbr \/>portal-lattes\/extracoes-de-<wbr \/>dados<\/a> .<\/div>\r\n<div><b>\u00a0<\/b><\/div>\r\n<div><\/div>\r\n<div><b><b>3) SIAFI: <\/b><\/b>Algumas informa\u00e7\u00f5es podem ser encontradas em <a href=\"http:\/\/www.tesouro.fazenda.gov.br\/web\/stn\/-\/webservices\" target=\"_blank\" data-saferedirecturl=\"https:\/\/www.google.com\/url?q=http:\/\/www.tesouro.fazenda.gov.br\/web\/stn\/-\/webservices&amp;source=gmail&amp;ust=1534353157866000&amp;usg=AFQjCNEMdEoqNBaSVobZ_pCWosE8MY_Ciw\">http:\/\/www.tesouro.fazenda.<wbr \/>gov.br\/web\/stn\/-\/webservices<\/a>.<\/div>\r\n<div><\/div>\r\n<div><\/div>\r\n<div><b>4) SERPRO &#8211; DASS<\/b>: Contrata\u00e7\u00e3o. O servi\u00e7o disponibiliza acesso a dados de bases do governo federal que est\u00e3o armazenadas no Serpro, desde que este acesso tenha sido autorizado pelo \u00f3rg\u00e3o de governo respons\u00e1vel. J\u00e1 est\u00e3o dispon\u00edveis no DaaS: Tesouro Gerencial (DWTG), Compras Governamentais (SIASG, Comprasnet, SICAF), Gest\u00e3o de Pessoas (SIAPE), Conv\u00eanios (SICONV). <a href=\"http:\/\/servicos.cis.serpro.gov.br\/daas\" target=\"_blank\" data-saferedirecturl=\"https:\/\/www.google.com\/url?q=http:\/\/servicos.cis.serpro.gov.br\/daas&amp;source=gmail&amp;ust=1534353157866000&amp;usg=AFQjCNHzywnam_Sh9cjWlZPIYiDNmAkBQQ\">http:\/\/servicos.cis.serpro.<wbr \/>gov.br\/daas<\/a><\/div>\r\n<div><\/div>\r\n<div><\/div>\r\n<div><b>5) APIs Serpro<\/b>: Contrata\u00e7\u00e3o; Consulta CPF, Consulta CNPJ, Consulta NF-e, Integra Siafi, Consulta D\u00edvida Ativa, Consulta DU-E. <a href=\"https:\/\/servicos.serpro.gov.br\/api-serpro\/biblioteca\/index.html\" target=\"_blank\" data-saferedirecturl=\"https:\/\/www.google.com\/url?q=https:\/\/servicos.serpro.gov.br\/api-serpro\/biblioteca\/index.html&amp;source=gmail&amp;ust=1534353157866000&amp;usg=AFQjCNGi3CQtiluYq1RI2M_YW6HTulykFA\">https:\/\/servicos.serpro.gov.<wbr \/>br\/api-serpro\/biblioteca\/<wbr \/>index.html<\/a><\/div>\r\n<div><\/div>\r\n<div><\/div>\r\n<div><b>6) Portal da Transpar\u00eancia do Governo Federal: <\/b>V\u00e1rias APIS para consulta, \u00e9 poss\u00edvel testar direto no site. Bolsa Fam\u00edlia, Cadastro de Expuls\u00f5es da Administra\u00e7\u00e3o Federal (CEAF), Cadastro Nacional de Empresas Inid\u00f4neas e Suspensas (CEIS), Cadastro Nacional de Empresas Punidas (CNEP), Contratos do Poder Executivo Federal, Conv\u00eanios do Poder Executivo Federal, Despesas P\u00fablicas, Entidades Privadas sem Fins Lucrativos Impedidas (CEPIM), Garantia-Safra, , Gastos por meio de cart\u00e3o de pagamento, Licita\u00e7\u00f5es do Poder Executivo Federal, \u00d3rg\u00e3os, Programa de Erradica\u00e7\u00e3o do Trabalho Infantil (Peti), Seguro Defeso, Servidores do Poder Executivo Federal, Viagens a servi\u00e7os. <a href=\"http:\/\/www.transparencia.gov.br\/swagger-ui.html\" target=\"_blank\" data-saferedirecturl=\"https:\/\/www.google.com\/url?q=http:\/\/www.transparencia.gov.br\/swagger-ui.html&amp;source=gmail&amp;ust=1534353157866000&amp;usg=AFQjCNG9xAKzFKQEXGKxwxEdfyonGIvrMg\">http:\/\/www.transparencia.gov.<wbr \/>br\/swagger-ui.html<\/a> .<\/div>\r\n<div><\/div>\r\n<div><\/div>\r\n<\/div>\t\t\t\t\t\t\t\t<\/div>\n\t\t\t\t\t<\/div>\n\t\t\t\t<\/div>\n\t\t\t\t<\/div>\n\t\t","protected":false},"excerpt":{"rendered":"<p>Integra\u00e7\u00e3o de Sistemas Espa\u00e7o dedicado ao compartilhamento de iniciativas e solu\u00e7\u00f5es que promovem a integra\u00e7\u00e3o de sistemas entre as IFES, fortalecendo a interoperabilidade e a efici\u00eancia na gest\u00e3o p\u00fablica. Informa\u00e7\u00f5es dispon\u00edveis sobre integra\u00e7\u00e3o com os sistemas estruturantes do governo. Sugest\u00f5es de inclus\u00e3o ou altera\u00e7\u00e3o podem ser feitas atrav\u00e9s do formul\u00e1rio de contato do site. 1) [&hellip;]<\/p>\n","protected":false},"author":1,"featured_media":0,"parent":0,"menu_order":0,"comment_status":"closed","ping_status":"closed","template":"elementor_header_footer","meta":{"footnotes":""},"class_list":["post-56","page","type-page","status-publish","hentry"],"_links":{"self":[{"href":"https:\/\/www.cgtic.andifes.org.br\/index.php\/wp-json\/wp\/v2\/pages\/56","targetHints":{"allow":["GET"]}}],"collection":[{"href":"https:\/\/www.cgtic.andifes.org.br\/index.php\/wp-json\/wp\/v2\/pages"}],"about":[{"href":"https:\/\/www.cgtic.andifes.org.br\/index.php\/wp-json\/wp\/v2\/types\/page"}],"author":[{"embeddable":true,"href":"https:\/\/www.cgtic.andifes.org.br\/index.php\/wp-json\/wp\/v2\/users\/1"}],"replies":[{"embeddable":true,"href":"https:\/\/www.cgtic.andifes.org.br\/index.php\/wp-json\/wp\/v2\/comments?post=56"}],"version-history":[{"count":14,"href":"https:\/\/www.cgtic.andifes.org.br\/index.php\/wp-json\/wp\/v2\/pages\/56\/revisions"}],"predecessor-version":[{"id":1127,"href":"https:\/\/www.cgtic.andifes.org.br\/index.php\/wp-json\/wp\/v2\/pages\/56\/revisions\/1127"}],"wp:attachment":[{"href":"https:\/\/www.cgtic.andifes.org.br\/index.php\/wp-json\/wp\/v2\/media?parent=56"}],"curies":[{"name":"wp","href":"https:\/\/api.w.org\/{rel}","templated":true}]}}