{"id":75,"date":"2016-11-18T16:51:53","date_gmt":"2016-11-18T18:51:53","guid":{"rendered":"http:\/\/201.57.207.35\/cgtic\/?page_id=75"},"modified":"2026-04-07T09:58:38","modified_gmt":"2026-04-07T12:58:38","slug":"regimento","status":"publish","type":"page","link":"https:\/\/www.cgtic.andifes.org.br\/index.php\/regimento\/","title":{"rendered":"Regimento"},"content":{"rendered":"\t\t<div data-elementor-type=\"wp-page\" data-elementor-id=\"75\" class=\"elementor elementor-75\" data-elementor-post-type=\"page\">\n\t\t\t\t<div class=\"elementor-element elementor-element-0ab58aa e-flex e-con-boxed e-con e-parent\" data-id=\"0ab58aa\" data-element_type=\"container\" data-e-type=\"container\" data-settings=\"{&quot;background_background&quot;:&quot;classic&quot;}\">\n\t\t\t\t\t<div class=\"e-con-inner\">\n\t\t\t\t<div class=\"elementor-element elementor-element-dd07f31 elementor-widget elementor-widget-elementskit-heading\" data-id=\"dd07f31\" data-element_type=\"widget\" data-e-type=\"widget\" data-widget_type=\"elementskit-heading.default\">\n\t\t\t\t\t<div class=\"ekit-wid-con\" ><div class=\"ekit-heading elementskit-section-title-wraper center   ekit_heading_tablet-   ekit_heading_mobile-\"><h2 class=\"ekit-heading--title elementskit-section-title \">Regimento<\/h2>\t\t\t\t<div class='ekit-heading__description'>\n\t\t\t\t\t<p>O Regimento do CGTIC define a estrutura, as atribui\u00e7\u00f5es e o funcionamento do colegiado, orientando suas a\u00e7\u00f5es e garantindo a transpar\u00eancia e a coer\u00eancia das decis\u00f5es tomadas em conjunto.<\/p>\n\t\t\t\t<\/div>\n\t\t\t<\/div><\/div>\t\t\t\t<\/div>\n\t\t\t\t\t<\/div>\n\t\t\t\t<\/div>\n\t\t<div class=\"elementor-element elementor-element-2b2e0025 e-flex e-con-boxed e-con e-parent\" data-id=\"2b2e0025\" data-element_type=\"container\" data-e-type=\"container\">\n\t\t\t\t\t<div class=\"e-con-inner\">\n\t\t\t\t<div class=\"elementor-element elementor-element-7222ce79 elementor-widget elementor-widget-text-editor\" data-id=\"7222ce79\" data-element_type=\"widget\" data-e-type=\"widget\" data-widget_type=\"text-editor.default\">\n\t\t\t\t\t\t\t\t\t<ul>\n<li style=\"font-weight: 400;\" aria-level=\"1\"><a href=\"http:\/\/www.cgtic.andifes.org.br\/files\/SET-2013_Regimento-CGTIC.pdf\"><span style=\"font-weight: 400;\">Regimento CGTIC \u2013 SETEMBRO DE 2013<\/span><\/a><span style=\"font-weight: 400;\"> (revogado)<\/span><\/li>\n<li style=\"font-weight: 400;\" aria-level=\"1\"><a href=\"https:\/\/www.andifes.org.br\/wp-content\/uploads\/2024\/03\/Regulamento-dos-foruns-e-colegios-da-Andifes-jan2024.pdf\"><span style=\"font-weight: 400;\">Regimento atual dos F\u00f3runs e Colegiados <\/span><\/a><\/li>\n<\/ul>\n<!-- \/wp:paragraph -->\t\t\t\t\t\t\t\t<\/div>\n\t\t\t\t\t<\/div>\n\t\t\t\t<\/div>\n\t\t\t\t<\/div>\n\t\t","protected":false},"excerpt":{"rendered":"<p>Regimento O Regimento do CGTIC define a estrutura, as atribui\u00e7\u00f5es e o funcionamento do colegiado, orientando suas a\u00e7\u00f5es e garantindo a transpar\u00eancia e a coer\u00eancia das decis\u00f5es tomadas em conjunto. Regimento CGTIC \u2013 SETEMBRO DE 2013 (revogado) Regimento atual dos F\u00f3runs e Colegiados<\/p>\n","protected":false},"author":1,"featured_media":0,"parent":0,"menu_order":0,"comment_status":"closed","ping_status":"closed","template":"elementor_header_footer","meta":{"footnotes":""},"class_list":["post-75","page","type-page","status-publish","hentry"],"_links":{"self":[{"href":"https:\/\/www.cgtic.andifes.org.br\/index.php\/wp-json\/wp\/v2\/pages\/75","targetHints":{"allow":["GET"]}}],"collection":[{"href":"https:\/\/www.cgtic.andifes.org.br\/index.php\/wp-json\/wp\/v2\/pages"}],"about":[{"href":"https:\/\/www.cgtic.andifes.org.br\/index.php\/wp-json\/wp\/v2\/types\/page"}],"author":[{"embeddable":true,"href":"https:\/\/www.cgtic.andifes.org.br\/index.php\/wp-json\/wp\/v2\/users\/1"}],"replies":[{"embeddable":true,"href":"https:\/\/www.cgtic.andifes.org.br\/index.php\/wp-json\/wp\/v2\/comments?post=75"}],"version-history":[{"count":23,"href":"https:\/\/www.cgtic.andifes.org.br\/index.php\/wp-json\/wp\/v2\/pages\/75\/revisions"}],"predecessor-version":[{"id":1030,"href":"https:\/\/www.cgtic.andifes.org.br\/index.php\/wp-json\/wp\/v2\/pages\/75\/revisions\/1030"}],"wp:attachment":[{"href":"https:\/\/www.cgtic.andifes.org.br\/index.php\/wp-json\/wp\/v2\/media?parent=75"}],"curies":[{"name":"wp","href":"https:\/\/api.w.org\/{rel}","templated":true}]}}