{"id":776,"date":"2025-10-30T19:31:52","date_gmt":"2025-10-30T22:31:52","guid":{"rendered":"https:\/\/www.cgtic.andifes.org.br\/?page_id=776"},"modified":"2026-04-29T13:50:32","modified_gmt":"2026-04-29T16:50:32","slug":"contato","status":"publish","type":"page","link":"https:\/\/www.cgtic.andifes.org.br\/index.php\/contato\/","title":{"rendered":"Contato"},"content":{"rendered":"\t\t<div data-elementor-type=\"wp-page\" data-elementor-id=\"776\" class=\"elementor elementor-776\" data-elementor-post-type=\"page\">\n\t\t\t\t<div class=\"elementor-element elementor-element-4ebf2b7 e-flex e-con-boxed e-con e-parent\" data-id=\"4ebf2b7\" data-element_type=\"container\" data-e-type=\"container\">\n\t\t\t\t\t<div class=\"e-con-inner\">\n\t\t<div class=\"elementor-element elementor-element-4cd4a1e e-con-full e-flex e-con e-child\" data-id=\"4cd4a1e\" data-element_type=\"container\" data-e-type=\"container\">\n\t\t\t\t<div class=\"elementor-element elementor-element-b36c9dd elementor-widget elementor-widget-image\" data-id=\"b36c9dd\" data-element_type=\"widget\" data-e-type=\"widget\" data-widget_type=\"image.default\">\n\t\t\t\t\t\t\t\t\t\t\t\t\t\t\t<img fetchpriority=\"high\" decoding=\"async\" width=\"350\" height=\"230\" src=\"https:\/\/www.cgtic.andifes.org.br\/wp-content\/uploads\/2025\/10\/location_img-3-1.jpeg\" class=\"attachment-large size-large wp-image-508\" alt=\"\" srcset=\"https:\/\/www.cgtic.andifes.org.br\/wp-content\/uploads\/2025\/10\/location_img-3-1.jpeg 350w, https:\/\/www.cgtic.andifes.org.br\/wp-content\/uploads\/2025\/10\/location_img-3-1-300x197.jpeg 300w\" sizes=\"(max-width: 350px) 100vw, 350px\" \/>\t\t\t\t\t\t\t\t\t\t\t\t\t\t\t<\/div>\n\t\t\t\t<\/div>\n\t\t<div class=\"elementor-element elementor-element-ee5207d e-con-full e-flex e-con e-child\" data-id=\"ee5207d\" data-element_type=\"container\" data-e-type=\"container\">\n\t\t\t\t<div class=\"elementor-element elementor-element-5bda80f7 elementor-widget__width-initial elementor-widget-mobile__width-inherit elementor-widget elementor-widget-elementskit-heading\" data-id=\"5bda80f7\" data-element_type=\"widget\" data-e-type=\"widget\" data-widget_type=\"elementskit-heading.default\">\n\t\t\t\t\t<div class=\"ekit-wid-con\" ><div class=\"ekit-heading elementskit-section-title-wraper text_left   ekit_heading_tablet-   ekit_heading_mobile-\"><h2 class=\"ekit-heading--title elementskit-section-title \">Entre em contato<\/h2><div class=\"ekit_heading_separetor_wraper ekit_heading_elementskit-border-divider ekit-dotted\"><div class=\"elementskit-border-divider ekit-dotted\"><\/div><\/div>\t\t\t\t<div class='ekit-heading__description'>\n\t\t\t\t\t<p>Estamos \u00e0 disposi\u00e7\u00e3o para esclarecer d\u00favidas, compartilhar informa\u00e7\u00f5es e fortalecer o di\u00e1logo entre as \u00e1reas de Tecnologia da Informa\u00e7\u00e3o e Comunica\u00e7\u00e3o das IFES.<\/p>\n<p>\ud83d\udce7 <strong>E-mail:<\/strong> <a class=\"decorated-link cursor-pointer\" rel=\"noopener\">cgtic@andifes.org.br<\/a><\/p>\n\t\t\t\t<\/div>\n\t\t\t<\/div><\/div>\t\t\t\t<\/div>\n\t\t\t\t<\/div>\n\t\t\t\t\t<\/div>\n\t\t\t\t<\/div>\n\t\t\t\t<\/div>\n\t\t","protected":false},"excerpt":{"rendered":"<p>Entre em contato Estamos \u00e0 disposi\u00e7\u00e3o para esclarecer d\u00favidas, compartilhar informa\u00e7\u00f5es e fortalecer o di\u00e1logo entre as \u00e1reas de Tecnologia da Informa\u00e7\u00e3o e Comunica\u00e7\u00e3o das IFES. ? E-mail: cgtic@andifes.org.br<\/p>\n","protected":false},"author":46,"featured_media":0,"parent":0,"menu_order":0,"comment_status":"closed","ping_status":"closed","template":"elementor_header_footer","meta":{"footnotes":""},"class_list":["post-776","page","type-page","status-publish","hentry"],"_links":{"self":[{"href":"https:\/\/www.cgtic.andifes.org.br\/index.php\/wp-json\/wp\/v2\/pages\/776","targetHints":{"allow":["GET"]}}],"collection":[{"href":"https:\/\/www.cgtic.andifes.org.br\/index.php\/wp-json\/wp\/v2\/pages"}],"about":[{"href":"https:\/\/www.cgtic.andifes.org.br\/index.php\/wp-json\/wp\/v2\/types\/page"}],"author":[{"embeddable":true,"href":"https:\/\/www.cgtic.andifes.org.br\/index.php\/wp-json\/wp\/v2\/users\/46"}],"replies":[{"embeddable":true,"href":"https:\/\/www.cgtic.andifes.org.br\/index.php\/wp-json\/wp\/v2\/comments?post=776"}],"version-history":[{"count":16,"href":"https:\/\/www.cgtic.andifes.org.br\/index.php\/wp-json\/wp\/v2\/pages\/776\/revisions"}],"predecessor-version":[{"id":1111,"href":"https:\/\/www.cgtic.andifes.org.br\/index.php\/wp-json\/wp\/v2\/pages\/776\/revisions\/1111"}],"wp:attachment":[{"href":"https:\/\/www.cgtic.andifes.org.br\/index.php\/wp-json\/wp\/v2\/media?parent=776"}],"curies":[{"name":"wp","href":"https:\/\/api.w.org\/{rel}","templated":true}]}}